{"id":12,"date":"2019-03-06T11:47:45","date_gmt":"2019-03-06T10:47:45","guid":{"rendered":"https:\/\/www.renardieres.fr\/?page_id=12"},"modified":"2021-05-14T10:26:28","modified_gmt":"2021-05-14T08:26:28","slug":"accueil","status":"publish","type":"page","link":"https:\/\/www.renardieres.fr\/fr\/","title":{"rendered":"Accueil"},"content":{"rendered":"<div id='full_slider_1'  class='avia-fullwidth-slider main_color avia-shadow   avia-builder-el-0  avia-builder-el-no-sibling   container_wrap sidebar_right'  ><div  class='avia-slideshow av-ju105jno-4aefb3c2085e192cd7698066367f21bc avia-slideshow-no scaling av_slideshow_full avia-slide-slider av-slideshow-ui av-control-default av-slideshow-autoplay av-loop-endless av-loop-manual-endless av-default-height-applied   avia-slideshow-1' data-slideshow-options=\"{&quot;animation&quot;:&quot;slide&quot;,&quot;autoplay&quot;:true,&quot;loop_autoplay&quot;:&quot;endless&quot;,&quot;interval&quot;:5,&quot;loop_manual&quot;:&quot;manual-endless&quot;,&quot;autoplay_stopper&quot;:false,&quot;noNavigation&quot;:false,&quot;bg_slider&quot;:false,&quot;keep_padding&quot;:false,&quot;hoverpause&quot;:false,&quot;show_slide_delay&quot;:0}\"  itemprop=\"image\" itemscope=\"itemscope\" itemtype=\"https:\/\/schema.org\/ImageObject\" ><ul class='avia-slideshow-inner ' style='padding-bottom: 66.671746418775%;'><li  class='avia-slideshow-slide av-ju105jno-4aefb3c2085e192cd7698066367f21bc__0  slide-1 slide-odd'><div data-rel='slideshow-1' class='avia-slide-wrap '   ><div class='av-slideshow-caption av-ju105jno-4aefb3c2085e192cd7698066367f21bc__0 caption_fullwidth caption_left caption_left_framed caption_framed'><div class=\"container caption_container\"><div class=\"slideshow_caption\"><div class=\"slideshow_inner_caption\"><div class=\"slideshow_align_caption\"><h2 class='avia-caption-title '  itemprop=\"name\" >Les Renardi\u00e8res un endroit magique!<\/h2><\/div><\/div><\/div><\/div><\/div><img fetchpriority=\"high\" class=\"wp-image-1712 avia-img-lazy-loading-not-1712\"  src='https:\/\/www.renardieres.fr\/wp-content\/uploads\/2019\/09\/A47A4118.jpg' width='6562' height='4375' title='A47A4118' alt=''  itemprop=\"thumbnailUrl\"   \/><\/div><\/li><li  class='avia-slideshow-slide av-ju105jno-4aefb3c2085e192cd7698066367f21bc__1  slide-2 slide-even'><div data-rel='slideshow-1' class='avia-slide-wrap '   ><div class='av-slideshow-caption av-ju105jno-4aefb3c2085e192cd7698066367f21bc__1 caption_fullwidth caption_bottom caption_bottom_framed caption_framed'><div class=\"container caption_container\"><div class=\"slideshow_caption\"><div class=\"slideshow_inner_caption\"><div class=\"slideshow_align_caption\"><h2 class='avia-caption-title '  itemprop=\"name\" >Nous avons tout aim\u00e9: l\u2019accueil, le chalet, la vue, la nature et bien \u00e9videnment nos h\u00f4tes et le cirque! Merci infiniment! Bises, Sandie, Sacha et Nina<\/h2><\/div><\/div><\/div><\/div><\/div><img fetchpriority=\"high\" class=\"wp-image-1270 avia-img-lazy-loading-not-1270\"  src='https:\/\/www.renardieres.fr\/wp-content\/uploads\/2019\/04\/renardieres-40.jpg' width='1536' height='1024' title='renardieres-40' alt=''  itemprop=\"thumbnailUrl\"   \/><\/div><\/li><li  class='avia-slideshow-slide av-ju105jno-4aefb3c2085e192cd7698066367f21bc__2  slide-3 slide-odd'><div data-rel='slideshow-1' class='avia-slide-wrap '   ><div class='av-slideshow-caption av-ju105jno-4aefb3c2085e192cd7698066367f21bc__2 caption_fullwidth caption_bottom caption_bottom_framed caption_framed'><div class=\"container caption_container\"><div class=\"slideshow_caption\"><div class=\"slideshow_inner_caption\"><div class=\"slideshow_align_caption\"><h2 class='avia-caption-title '  itemprop=\"name\" >Des gens aussi gentils, avec un coeur sur leurs mains...ils sont magiciens! Surtout..ne changez rien! A bient\u00f4t, Papoe Philippe<\/h2><\/div><\/div><\/div><\/div><\/div><img fetchpriority=\"high\" class=\"wp-image-1303 avia-img-lazy-loading-not-1303\"  src='https:\/\/www.renardieres.fr\/wp-content\/uploads\/2019\/04\/29A0301-1.rec-Modifier.jpg' width='1280' height='960' title='_29A0301-1.rec-Modifier' alt=''  itemprop=\"thumbnailUrl\"   \/><\/div><\/li><li  class='avia-slideshow-slide av-ju105jno-4aefb3c2085e192cd7698066367f21bc__3  slide-4 slide-even'><div data-rel='slideshow-1' class='avia-slide-wrap '   ><div class='av-slideshow-caption av-ju105jno-4aefb3c2085e192cd7698066367f21bc__3 caption_fullwidth caption_bottom caption_bottom_framed caption_framed'><div class=\"container caption_container\"><div class=\"slideshow_caption\"><div class=\"slideshow_inner_caption\"><div class=\"slideshow_align_caption\"><h2 class='avia-caption-title '  itemprop=\"name\" >Merci beaucoup pour 3 super semaines de vacances! M\u00eame avec 3 enfants (6, 3, 1 ans) nous repartons tr\u00e8s d\u00e9tendus. En esp\u00e8rant de revenir bient\u00f4t! Gros bisous Mathieu et Claire<\/h2><\/div><\/div><\/div><\/div><\/div><img fetchpriority=\"high\" class=\"wp-image-1305 avia-img-lazy-loading-not-1305\"  src='https:\/\/www.renardieres.fr\/wp-content\/uploads\/2019\/04\/29A0393-1.rec_.2.jpg' width='1280' height='960' title='_29A0393-1.rec.2' alt=''  itemprop=\"thumbnailUrl\"   \/><\/div><\/li><li  class='avia-slideshow-slide av-ju105jno-4aefb3c2085e192cd7698066367f21bc__4  slide-5 slide-odd'><div data-rel='slideshow-1' class='avia-slide-wrap '   ><div class='av-slideshow-caption av-ju105jno-4aefb3c2085e192cd7698066367f21bc__4 caption_fullwidth caption_bottom caption_bottom_framed caption_framed'><div class=\"container caption_container\"><div class=\"slideshow_caption\"><div class=\"slideshow_inner_caption\"><div class=\"slideshow_align_caption\"><h2 class='avia-caption-title '  itemprop=\"name\" >Cette magnifique Roulotte Romantique nous a fait vivre l\u2018experience d\u2019habiter dans un Tiny House. Tr\u00e8s belle experience pour un week-end et d\u2019admirer les \u00e9toiles \u00e9tait magique. Luna et Marius<\/h2><\/div><\/div><\/div><\/div><\/div><img fetchpriority=\"high\" class=\"wp-image-1803 avia-img-lazy-loading-not-1803\"  src='https:\/\/www.renardieres.fr\/wp-content\/uploads\/2019\/12\/roulotte-01.jpg' width='1599' height='1066' title='roulotte-01' alt=''  itemprop=\"thumbnailUrl\"   \/><\/div><\/li><li  class='avia-slideshow-slide av-ju105jno-4aefb3c2085e192cd7698066367f21bc__5  slide-6 slide-even'><div data-rel='slideshow-1' class='avia-slide-wrap '   ><div class='av-slideshow-caption av-ju105jno-4aefb3c2085e192cd7698066367f21bc__5 caption_fullwidth caption_bottom caption_bottom_framed caption_framed'><div class=\"container caption_container\"><div class=\"slideshow_caption\"><div class=\"slideshow_inner_caption\"><div class=\"slideshow_align_caption\"><h2 class='avia-caption-title '  itemprop=\"name\" >Lieu de vie tr\u00e8s calme, apaisant, super cadre, des vacances id\u00e9al pour se ressourcer. Bravo \u00e0 vous! Isabelle et Jerome<\/h2><\/div><\/div><\/div><\/div><\/div><img fetchpriority=\"high\" class=\"wp-image-1309 avia-img-lazy-loading-not-1309\"  src='https:\/\/www.renardieres.fr\/wp-content\/uploads\/2019\/04\/P1020089-1.jpg' width='1280' height='960' title='P1020089' alt=''  itemprop=\"thumbnailUrl\"   \/><\/div><\/li><li  class='avia-slideshow-slide av-ju105jno-4aefb3c2085e192cd7698066367f21bc__6  slide-7 slide-odd'><div data-rel='slideshow-1' class='avia-slide-wrap '   ><div class='av-slideshow-caption av-ju105jno-4aefb3c2085e192cd7698066367f21bc__6 caption_fullwidth caption_bottom caption_bottom_framed caption_framed'><div class=\"container caption_container\"><div class=\"slideshow_caption\"><div class=\"slideshow_inner_caption\"><div class=\"slideshow_align_caption\"><h2 class='avia-caption-title '  itemprop=\"name\" >Des truites sauvages dans la Luz\u00e8ge, des s\u00e9jours agr\u00e9able avec nos amis dans vos chalets comfortables. Merci et \u00e0 bient\u00f4t! Alain et Jean-Pierre<\/h2><\/div><\/div><\/div><\/div><\/div><img fetchpriority=\"high\" class=\"wp-image-1311 avia-img-lazy-loading-not-1311\"  src='https:\/\/www.renardieres.fr\/wp-content\/uploads\/2019\/04\/P1100005-1.jpg' width='1280' height='960' title='P1100005' alt=''  itemprop=\"thumbnailUrl\"   \/><\/div><\/li><li  class='avia-slideshow-slide av-ju105jno-4aefb3c2085e192cd7698066367f21bc__7  slide-8 slide-even'><div data-rel='slideshow-1' class='avia-slide-wrap '   ><div class='av-slideshow-caption av-ju105jno-4aefb3c2085e192cd7698066367f21bc__7 caption_fullwidth caption_bottom caption_bottom_framed caption_framed'><div class=\"container caption_container\"><div class=\"slideshow_caption\"><div class=\"slideshow_inner_caption\"><div class=\"slideshow_align_caption\"><h2 class='avia-caption-title '  itemprop=\"name\" >Nous avions \u00e9t\u00e9 agr\u00e9ablement touch\u00e9s par votre cot\u00e9 professionel, culinaire et familial. Merci beaucoup! Nous n\u2019avons pas fini de parler de vous. Bises, C\u00e9line, Jean-Louis, Laurine et Landry<\/h2><\/div><\/div><\/div><\/div><\/div><img fetchpriority=\"high\" class=\"wp-image-1313 avia-img-lazy-loading-not-1313\"  src='https:\/\/www.renardieres.fr\/wp-content\/uploads\/2019\/04\/P1140778-1.jpg' width='1280' height='960' title='P1140778' alt=''  itemprop=\"thumbnailUrl\"   \/><\/div><\/li><li  class='avia-slideshow-slide av-ju105jno-4aefb3c2085e192cd7698066367f21bc__8  slide-9 slide-odd'><div data-rel='slideshow-1' class='avia-slide-wrap '   ><div class='av-slideshow-caption av-ju105jno-4aefb3c2085e192cd7698066367f21bc__8 caption_fullwidth caption_bottom caption_bottom_framed caption_framed'><div class=\"container caption_container\"><div class=\"slideshow_caption\"><div class=\"slideshow_inner_caption\"><div class=\"slideshow_align_caption\"><h2 class='avia-caption-title '  itemprop=\"name\" >Thomas 11 ans: ma meilleure souvenir de cette vacances? Les cours de cirque de Bernardino et Ga\u00efa le chien. \u00c7a va tellement me manquer!!!!<\/h2><\/div><\/div><\/div><\/div><\/div><img fetchpriority=\"high\" class=\"wp-image-1315 avia-img-lazy-loading-not-1315\"  src='https:\/\/www.renardieres.fr\/wp-content\/uploads\/2019\/04\/P1190455.jpg' width='1280' height='960' title='P1190455' alt=''  itemprop=\"thumbnailUrl\"   \/><\/div><\/li><li  class='avia-slideshow-slide av-ju105jno-4aefb3c2085e192cd7698066367f21bc__9  slide-10 slide-even'><div data-rel='slideshow-1' class='avia-slide-wrap '   ><div class='av-slideshow-caption av-ju105jno-4aefb3c2085e192cd7698066367f21bc__9 caption_fullwidth caption_bottom caption_bottom_framed caption_framed'><div class=\"container caption_container\"><div class=\"slideshow_caption\"><div class=\"slideshow_inner_caption\"><div class=\"slideshow_align_caption\"><h2 class='avia-caption-title '  itemprop=\"name\" >Merci beaucoup pour votre hospitalit\u00e9! Nous avons pass\u00e9s des superbe vacances. Les enfants ravis avec le cirque, merci Bernardino! Je n\u2019ai jamais senti tellement de tranquilit\u00e9. Merci, Raymond et Eveline<\/h2><\/div><\/div><\/div><\/div><\/div><img fetchpriority=\"high\" class=\"wp-image-1317 avia-img-lazy-loading-not-1317\"  src='https:\/\/www.renardieres.fr\/wp-content\/uploads\/2019\/04\/renardieres-alentours-17.jpg' width='1280' height='960' title='renardieres-alentours-17' alt=''  itemprop=\"thumbnailUrl\"   \/><\/div><\/li><li  class='avia-slideshow-slide av-ju105jno-4aefb3c2085e192cd7698066367f21bc__10  slide-11 slide-odd'><div data-rel='slideshow-1' class='avia-slide-wrap '   ><div class='av-slideshow-caption av-ju105jno-4aefb3c2085e192cd7698066367f21bc__10 caption_fullwidth caption_bottom caption_bottom_framed caption_framed'><div class=\"container caption_container\"><div class=\"slideshow_caption\"><div class=\"slideshow_inner_caption\"><div class=\"slideshow_align_caption\"><h2 class='avia-caption-title '  itemprop=\"name\" >Toujours aussi content de venir aux Renardi\u00e8res. Super semaine ensoleill\u00e9. Nous avons pass\u00e9 des tr\u00e8s bonnes soir\u00e9es lors de la table d\u2019h\u00f4te; aussi bien gustativement que humainement. Continuez comme vous \u00eates! Gros bisous, Christophe, Sophie et Antoine<\/h2><\/div><\/div><\/div><\/div><\/div><img fetchpriority=\"high\" class=\"wp-image-1319 avia-img-lazy-loading-not-1319\"  src='https:\/\/www.renardieres.fr\/wp-content\/uploads\/2019\/04\/repasenfants.jpg' width='1280' height='960' title='repasenfants' alt=''  itemprop=\"thumbnailUrl\"   \/><\/div><\/li><li  class='avia-slideshow-slide av-ju105jno-4aefb3c2085e192cd7698066367f21bc__11  slide-12 slide-even'><div data-rel='slideshow-1' class='avia-slide-wrap '   ><div class='av-slideshow-caption av-ju105jno-4aefb3c2085e192cd7698066367f21bc__11 caption_fullwidth caption_bottom caption_bottom_framed caption_framed'><div class=\"container caption_container\"><div class=\"slideshow_caption\"><div class=\"slideshow_inner_caption\"><div class=\"slideshow_align_caption\"><h2 class='avia-caption-title '  itemprop=\"name\" >C\u2018\u00e9tait giga m\u00e9ga superbien,! Merci encore pour m\u2019avoir soign\u00e9, gr\u00e2ce \u00e0 vous j\u2019ai d\u00e9couvert le go\u00fbt des chevaux et des lapins! Bisous Jules (8 ans)<\/h2><\/div><\/div><\/div><\/div><\/div><img fetchpriority=\"high\" class=\"wp-image-1329 avia-img-lazy-loading-not-1329\"  src='https:\/\/www.renardieres.fr\/wp-content\/uploads\/2019\/04\/poneys.png' width='1280' height='960' title='poneys' alt=''  itemprop=\"thumbnailUrl\"   \/><\/div><\/li><li  class='avia-slideshow-slide av-ju105jno-4aefb3c2085e192cd7698066367f21bc__12  slide-13 slide-odd'><div data-rel='slideshow-1' class='avia-slide-wrap '   ><div class='av-slideshow-caption av-ju105jno-4aefb3c2085e192cd7698066367f21bc__12 caption_fullwidth caption_bottom caption_bottom_framed caption_framed'><div class=\"container caption_container\"><div class=\"slideshow_caption\"><div class=\"slideshow_inner_caption\"><div class=\"slideshow_align_caption\"><h2 class='avia-caption-title '  itemprop=\"name\" >Nos petits enfants sont tellement contents de venir aux Renardi\u00e8res chaque ann\u00e9e! Ils profitent pleinement de tout le domaine (animaux, le cirque, la trampoline et la piscine). Nous repartons avec des souvenirs riches et inoubliables, merci Bernardino, Jacqueline et Alycia! Bernardette et Franck<\/h2><\/div><\/div><\/div><\/div><\/div><img fetchpriority=\"high\" class=\"wp-image-1703 avia-img-lazy-loading-not-1703\"  src='https:\/\/www.renardieres.fr\/wp-content\/uploads\/2019\/09\/A47A4165-1.jpg' width='6509' height='4339' title='A47A4165-1' alt=''  itemprop=\"thumbnailUrl\"   \/><\/div><\/li><li  class='avia-slideshow-slide av-ju105jno-4aefb3c2085e192cd7698066367f21bc__13  slide-14 slide-even'><div data-rel='slideshow-1' class='avia-slide-wrap '   ><img fetchpriority=\"high\" class=\"wp-image-4484 avia-img-lazy-loading-not-4484\"  src='https:\/\/www.renardieres.fr\/wp-content\/uploads\/2021\/05\/chiens.jpg' width='1618' height='1200' title='chiens' alt=''  itemprop=\"thumbnailUrl\"   \/><\/div><\/li><\/ul><div class='avia-slideshow-arrows avia-slideshow-controls' ><a href='#prev' class='prev-slide ' aria-hidden='true' data-av_icon='\ue87c' data-av_iconfont='entypo-fontello'  tabindex='-1'>Pr\u00e9c\u00e9dent<\/a><a href='#next' class='next-slide ' aria-hidden='true' data-av_icon='\ue87d' data-av_iconfont='entypo-fontello'  tabindex='-1'>Suivant<\/a><\/div><div class='avia-slideshow-dots avia-slideshow-controls'><a href='#1' class='goto-slide active' >1<\/a><a href='#2' class='goto-slide ' >2<\/a><a href='#3' class='goto-slide ' >3<\/a><a href='#4' class='goto-slide ' >4<\/a><a href='#5' class='goto-slide ' >5<\/a><a href='#6' class='goto-slide ' >6<\/a><a href='#7' class='goto-slide ' >7<\/a><a href='#8' class='goto-slide ' >8<\/a><a href='#9' class='goto-slide ' >9<\/a><a href='#10' class='goto-slide ' >10<\/a><a href='#11' class='goto-slide ' >11<\/a><a href='#12' class='goto-slide ' >12<\/a><a href='#13' class='goto-slide ' >13<\/a><a href='#14' class='goto-slide ' >14<\/a><\/div><\/div><\/div>\n","protected":false},"excerpt":{"rendered":"","protected":false},"author":1,"featured_media":0,"parent":0,"menu_order":0,"comment_status":"closed","ping_status":"closed","template":"","meta":{"footnotes":""},"_links":{"self":[{"href":"https:\/\/www.renardieres.fr\/fr\/wp-json\/wp\/v2\/pages\/12"}],"collection":[{"href":"https:\/\/www.renardieres.fr\/fr\/wp-json\/wp\/v2\/pages"}],"about":[{"href":"https:\/\/www.renardieres.fr\/fr\/wp-json\/wp\/v2\/types\/page"}],"author":[{"embeddable":true,"href":"https:\/\/www.renardieres.fr\/fr\/wp-json\/wp\/v2\/users\/1"}],"replies":[{"embeddable":true,"href":"https:\/\/www.renardieres.fr\/fr\/wp-json\/wp\/v2\/comments?post=12"}],"version-history":[{"count":18,"href":"https:\/\/www.renardieres.fr\/fr\/wp-json\/wp\/v2\/pages\/12\/revisions"}],"predecessor-version":[{"id":11883,"href":"https:\/\/www.renardieres.fr\/fr\/wp-json\/wp\/v2\/pages\/12\/revisions\/11883"}],"wp:attachment":[{"href":"https:\/\/www.renardieres.fr\/fr\/wp-json\/wp\/v2\/media?parent=12"}],"curies":[{"name":"wp","href":"https:\/\/api.w.org\/{rel}","templated":true}]}}