{"id":23,"date":"2019-03-06T11:51:45","date_gmt":"2019-03-06T10:51:45","guid":{"rendered":"https:\/\/www.renardieres.fr\/?page_id=23"},"modified":"2021-06-03T15:58:38","modified_gmt":"2021-06-03T13:58:38","slug":"chalet-lavande","status":"publish","type":"page","link":"https:\/\/www.renardieres.fr\/fr\/chalet-lavande\/","title":{"rendered":"Le Ch\u00e2let Lavande &#8211; 5 \u00e0 7 personnes"},"content":{"rendered":"\n<style type=\"text\/css\" data-created_by=\"avia_inline_auto\" id=\"style-css-av-jszyolbs-31374520da6604a46cd74d20bf1210d1\">\n.avia-section.av-jszyolbs-31374520da6604a46cd74d20bf1210d1{\nbackground-repeat:no-repeat;\nbackground-image:url(https:\/\/www.renardieres.fr\/wp-content\/uploads\/2019\/03\/renardieres-52.jpg);\nbackground-position:0% 0%;\nbackground-attachment:scroll;\n}\n<\/style>\n<div id='av_section_1'  class='avia-section av-jszyolbs-31374520da6604a46cd74d20bf1210d1 main_color avia-section-default avia-shadow  avia-builder-el-0  el_before_av_fullscreen  avia-builder-el-first  avia-full-stretch avia-bg-style-scroll av-minimum-height av-minimum-height-100 av-height-100  container_wrap sidebar_right'  data-section-bg-repeat='stretch' data-av_minimum_height_pc='100' data-av_min_height_opt='100'><div class=\"av-section-color-overlay-wrap\"><a href='#next-section' title='' class='scroll-down-link ' aria-hidden='true' data-av_icon='\ue877' data-av_iconfont='entypo-fontello'><\/a><div class='container av-section-cont-open' ><main  role=\"main\" itemprop=\"mainContentOfPage\"  class='template-page content  av-content-small alpha units'><div class='post-entry post-entry-type-page post-entry-23'><div class='entry-content-wrapper clearfix'>\n\n<style type=\"text\/css\" data-created_by=\"avia_inline_auto\" id=\"style-css-av-jt48oo8m-db82a096cb6560378ea1f2c8b559b55f\">\n.flex_column.av-jt48oo8m-db82a096cb6560378ea1f2c8b559b55f{\nborder-radius:10px 10px 10px 10px;\npadding:20px 20px 20px 20px;\nbackground-color:rgba(255,255,255,0.85);\n}\n<\/style>\n<div  class='flex_column av-jt48oo8m-db82a096cb6560378ea1f2c8b559b55f av_one_half  avia-builder-el-1  el_before_av_one_fourth  avia-builder-el-first  first flex_column_div  '     ><p>\n<style type=\"text\/css\" data-created_by=\"avia_inline_auto\" id=\"style-css-av-kpgyrzkp-8f20d46aadbc1b8e310ae5b9cc8d413e\">\n#top .av-special-heading.av-kpgyrzkp-8f20d46aadbc1b8e310ae5b9cc8d413e{\npadding-bottom:10px;\ncolor:#9e59a0;\n}\nbody .av-special-heading.av-kpgyrzkp-8f20d46aadbc1b8e310ae5b9cc8d413e .av-special-heading-tag .heading-char{\nfont-size:25px;\n}\n.av-special-heading.av-kpgyrzkp-8f20d46aadbc1b8e310ae5b9cc8d413e .special-heading-inner-border{\nborder-color:#9e59a0;\n}\n.av-special-heading.av-kpgyrzkp-8f20d46aadbc1b8e310ae5b9cc8d413e .av-subheading{\nfont-size:15px;\n}\n<\/style>\n<div  class='av-special-heading av-kpgyrzkp-8f20d46aadbc1b8e310ae5b9cc8d413e av-special-heading-h1 custom-color-heading blockquote modern-quote modern-centered  avia-builder-el-2  el_before_av_textblock  avia-builder-el-first '><h1 class='av-special-heading-tag'  itemprop=\"headline\"  >Le Ch\u00e2let Lavande<\/h1><div class='av_custom_color av-subheading av-subheading_below'><p>5 \u00e0 7 personnes &#8211;<\/p>\n<\/div><div class=\"special-heading-border\"><div class=\"special-heading-inner-border\"><\/div><\/div><\/div><br \/>\n<section  class='av_textblock_section av-jt48pb86-96e382c0c7f5ed0c49c3846bee938ee7 '   itemscope=\"itemscope\" itemtype=\"https:\/\/schema.org\/CreativeWork\" ><div class='avia_textblock'  itemprop=\"text\" ><p>Le chalet lavande est compl\u00e8tement refait en 2016, alors tout est neuf!\u00a0 En bas vous trouvez une grande pi\u00e8ce unique ( 32 m2 ) avec 2<strong> lits pour\u00a01 pers<\/strong>., <strong>1 canap\u00e9 lit pour 2 enfants<\/strong>, une cuisine am\u00e9nag\u00e9 avec tout \u00e9lectrom\u00e9nager (lave vaiselle inclus), salle de bains avec douche italienne, toilette; vous montez par l\u2019escalier au premier \u00e9tage ou vous trouvez un coin \u00e0 manger et un coin s\u00e9jour. Un lit pour 2 personnes dans un espace tr\u00e8s lumineux avec une tr\u00e8s belle vue.\u00a0Possibilit\u00e9 d\u2019ajouter des lits \/ matelas. Tr\u00e8s spacieux.<\/p>\n<p>Devant la porte une belle <strong>terrasse avec vue sur les pr\u00e9s des chevaux et la for\u00eat<\/strong>.<\/p>\n<\/div><\/section><br \/>\n<div  class='avia-buttonrow-wrap av-kobhdzsv-d851e725c5b4691167113dda530330d3 avia-buttonrow-center  avia-builder-el-4  el_after_av_textblock  avia-builder-el-last '>\n\n<style type=\"text\/css\" data-created_by=\"avia_inline_auto\" id=\"style-css-av-1qd5n-17d5c7b6015088f3af413fdbb4aee123\">\n#top #wrap_all .avia-button.av-1qd5n-17d5c7b6015088f3af413fdbb4aee123{\nmargin-bottom:5px;\nmargin-right:3px;\nmargin-left:3px;\n}\n<\/style>\n<a href='https:\/\/www.renardieres.fr\/fr\/reservation\/'  class='avia-button av-1qd5n-17d5c7b6015088f3af413fdbb4aee123 avia-icon_select-yes-left-icon avia-size-large avia-color-theme-color'  ><span class='avia_button_icon avia_button_icon_left ' aria-hidden='true' data-av_icon='\ue806' data-av_iconfont='entypo-fontello'><\/span><span class='avia_iconbox_title' >R\u00e9server<\/span><\/a>\n\n<style type=\"text\/css\" data-created_by=\"avia_inline_auto\" id=\"style-css-av-161ob-2bef8bfbfe77706b76c4a9493e9031f5\">\n#top #wrap_all .avia-button.av-161ob-2bef8bfbfe77706b76c4a9493e9031f5{\nmargin-bottom:5px;\nmargin-right:3px;\nmargin-left:3px;\n}\n<\/style>\n<a href='#fullscreen_slider_1'  class='avia-button av-161ob-2bef8bfbfe77706b76c4a9493e9031f5 avia-icon_select-yes-left-icon avia-size-large avia-color-theme-color'  ><span class='avia_button_icon avia_button_icon_left ' aria-hidden='true' data-av_icon='\ue80e' data-av_iconfont='entypo-fontello'><\/span><span class='avia_iconbox_title' >Diaporama<\/span><\/a>\n<\/div><\/p><\/div>\n<style type=\"text\/css\" data-created_by=\"avia_inline_auto\" id=\"style-css-av-54cij-120f27981f9dabf1d23f1722a669b018\">\n.flex_column.av-54cij-120f27981f9dabf1d23f1722a669b018{\nborder-radius:0px 0px 0px 0px;\npadding:0px 0px 0px 0px;\n}\n<\/style>\n<div  class='flex_column av-54cij-120f27981f9dabf1d23f1722a669b018 av_one_fourth  avia-builder-el-5  el_after_av_one_half  el_before_av_one_fourth  flex_column_div av-zero-column-padding  '     ><\/div>\n<style type=\"text\/css\" data-created_by=\"avia_inline_auto\" id=\"style-css-av-jt48oo8m-265547b7df194a56eb7814a99c82d6d7\">\n.flex_column.av-jt48oo8m-265547b7df194a56eb7814a99c82d6d7{\nborder-radius:10px 10px 10px 10px;\npadding:20px 20px 20px 20px;\nbackground-color:rgba(255,255,255,0.85);\n}\n<\/style>\n<div  class='flex_column av-jt48oo8m-265547b7df194a56eb7814a99c82d6d7 av_one_fourth  avia-builder-el-6  el_after_av_one_fourth  avia-builder-el-last  flex_column_div  '     ><style type=\"text\/css\" data-created_by=\"avia_inline_auto\" id=\"style-css-av-jt48q41e-046c49474a88f28965fb00952495c59d\">\n.avia-image-container.av-jt48q41e-046c49474a88f28965fb00952495c59d img.avia_image{\nbox-shadow:none;\n}\n.avia-image-container.av-jt48q41e-046c49474a88f28965fb00952495c59d .av-image-caption-overlay-center{\ncolor:#ffffff;\n}\n<\/style>\n<div  class='avia-image-container av-jt48q41e-046c49474a88f28965fb00952495c59d av-styling- avia-align-center  avia-builder-el-7  avia-builder-el-no-sibling '   itemprop=\"image\" itemscope=\"itemscope\" itemtype=\"https:\/\/schema.org\/ImageObject\" ><div class=\"avia-image-container-inner\"><div class=\"avia-image-overlay-wrap\"><img fetchpriority=\"high\" class='wp-image-118 avia-img-lazy-loading-not-118 avia_image ' src='https:\/\/www.renardieres.fr\/wp-content\/uploads\/2019\/03\/lavande.jpg' alt='' title='lavande'  height=\"297\" width=\"176\"  itemprop=\"thumbnailUrl\"  \/><\/div><\/div><\/div><\/div><\/div><\/div><\/main><!-- close content main element --><\/div><\/div><\/div><div   class='avia-fullscreen-slider main_color   avia-builder-el-8  el_after_av_section  avia-builder-el-last  slider-not-first container_wrap sidebar_right'  ><div  class='avia-slideshow av-jt48nhnz-acc0ff00f0ec450b4f8ffb9c44fd0a74 avia-slideshow-no scaling av_fullscreen avia-slide-slider av-slideshow-ui av-control-minimal av-slideshow-autoplay av-loop-endless av-loop-manual-endless av-default-height-applied   avia-slideshow-1' data-slideshow-options=\"{&quot;animation&quot;:&quot;slide&quot;,&quot;autoplay&quot;:true,&quot;loop_autoplay&quot;:&quot;endless&quot;,&quot;interval&quot;:5,&quot;loop_manual&quot;:&quot;manual-endless&quot;,&quot;autoplay_stopper&quot;:false,&quot;noNavigation&quot;:false,&quot;bg_slider&quot;:true,&quot;keep_padding&quot;:false,&quot;hoverpause&quot;:false,&quot;show_slide_delay&quot;:0,&quot;slide_height&quot;:&quot;100&quot;,&quot;image_attachment&quot;:&quot;scroll&quot;}\"  itemprop=\"image\" itemscope=\"itemscope\" itemtype=\"https:\/\/schema.org\/ImageObject\" ><ul class='avia-slideshow-inner ' style='padding-bottom: 66.666666666667%;'><li style='background-position:top center;' data-img-url='https:\/\/www.renardieres.fr\/wp-content\/uploads\/2019\/03\/renardieres-27.jpg' class='avia-slideshow-slide av-jt48nhnz-acc0ff00f0ec450b4f8ffb9c44fd0a74__0  slide-1 slide-odd'><div data-rel='slideshow-1' class='avia-slide-wrap '   ><div class='av-slideshow-caption av-jt48nhnz-acc0ff00f0ec450b4f8ffb9c44fd0a74__0 caption_fullwidth caption_right caption_right_framed caption_framed'><div class=\"container caption_container\"><div class=\"slideshow_caption\"><div class=\"slideshow_inner_caption\"><div class=\"slideshow_align_caption\"><h2 class='avia-caption-title '  itemprop=\"name\" >La cuisine<\/h2><div class='avia-caption-content '  itemprop=\"description\" ><p>Un espace lumineux pour cuisiner et prendre ses repas<\/p>\n<\/div><\/div><\/div><\/div><\/div><\/div><\/div><\/li><li style='background-position:center center;' data-img-url='https:\/\/www.renardieres.fr\/wp-content\/uploads\/2019\/03\/renardieres-26.jpg' class='avia-slideshow-slide av-jt48nhnz-acc0ff00f0ec450b4f8ffb9c44fd0a74__1  slide-2 slide-even'><div data-rel='slideshow-1' class='avia-slide-wrap '   ><div class='av-slideshow-caption av-jt48nhnz-acc0ff00f0ec450b4f8ffb9c44fd0a74__1 caption_fullwidth caption_right caption_right_framed caption_framed'><div class=\"container caption_container\"><div class=\"slideshow_caption\"><div class=\"slideshow_inner_caption\"><div class=\"slideshow_align_caption\"><h2 class='avia-caption-title '  itemprop=\"name\" >Le salon<\/h2><div class='avia-caption-content '  itemprop=\"description\" ><p>Un coin cosy pour se relaxer<\/p>\n<\/div><\/div><\/div><\/div><\/div><\/div><\/div><\/li><li style='background-position:center center;' data-img-url='https:\/\/www.renardieres.fr\/wp-content\/uploads\/2019\/03\/renardieres-28.jpg' class='avia-slideshow-slide av-jt48nhnz-acc0ff00f0ec450b4f8ffb9c44fd0a74__2  slide-3 slide-odd'><div data-rel='slideshow-1' class='avia-slide-wrap '   ><\/div><\/li><li style='background-position:center center;' data-img-url='https:\/\/www.renardieres.fr\/wp-content\/uploads\/2019\/03\/renardieres-30.jpg' class='avia-slideshow-slide av-jt48nhnz-acc0ff00f0ec450b4f8ffb9c44fd0a74__3  slide-4 slide-even'><div data-rel='slideshow-1' class='avia-slide-wrap '   ><\/div><\/li><li style='background-position:center center;' data-img-url='https:\/\/www.renardieres.fr\/wp-content\/uploads\/2019\/03\/renardieres-52.jpg' class='avia-slideshow-slide av-jt48nhnz-acc0ff00f0ec450b4f8ffb9c44fd0a74__4  slide-5 slide-odd'><div data-rel='slideshow-1' class='avia-slide-wrap '   ><div class='av-slideshow-caption av-jt48nhnz-acc0ff00f0ec450b4f8ffb9c44fd0a74__4 caption_fullwidth caption_bottom'><div class=\"container caption_container\"><div class=\"slideshow_caption\"><div class=\"slideshow_inner_caption\"><div class=\"slideshow_align_caption\"><h2 class='avia-caption-title '  itemprop=\"name\" >Une grande chambre<\/h2><\/div><\/div><\/div><\/div><\/div><\/div><\/li><li style='background-position:center center;' data-img-url='https:\/\/www.renardieres.fr\/wp-content\/uploads\/2019\/03\/renardieres-42.jpg' class='avia-slideshow-slide av-jt48nhnz-acc0ff00f0ec450b4f8ffb9c44fd0a74__5  slide-6 slide-even'><div data-rel='slideshow-1' class='avia-slide-wrap '   ><\/div><\/li><li style='background-position:center center;' data-img-url='https:\/\/www.renardieres.fr\/wp-content\/uploads\/2019\/04\/renardieres-06.jpg' class='avia-slideshow-slide av-jt48nhnz-acc0ff00f0ec450b4f8ffb9c44fd0a74__6  slide-7 slide-odd'><div data-rel='slideshow-1' class='avia-slide-wrap '   ><\/div><\/li><li style='background-position:center center;' data-img-url='https:\/\/www.renardieres.fr\/wp-content\/uploads\/2019\/04\/renardieres-48.jpg' class='avia-slideshow-slide av-jt48nhnz-acc0ff00f0ec450b4f8ffb9c44fd0a74__7  slide-8 slide-even'><div data-rel='slideshow-1' class='avia-slide-wrap '   ><\/div><\/li><\/ul><div class='avia-slideshow-arrows avia-slideshow-controls' ><a href='#prev' class='prev-slide ' aria-hidden='true' data-av_icon='\ue87c' data-av_iconfont='entypo-fontello'  tabindex='-1'>Pr\u00e9c\u00e9dent<\/a><a href='#next' class='next-slide ' aria-hidden='true' data-av_icon='\ue87d' data-av_iconfont='entypo-fontello'  tabindex='-1'>Suivant<\/a><\/div><div class='avia-slideshow-dots avia-slideshow-controls'><a href='#1' class='goto-slide active' >1<\/a><a href='#2' class='goto-slide ' >2<\/a><a href='#3' class='goto-slide ' >3<\/a><a href='#4' class='goto-slide ' >4<\/a><a href='#5' class='goto-slide ' >5<\/a><a href='#6' class='goto-slide ' >6<\/a><a href='#7' class='goto-slide ' >7<\/a><a href='#8' class='goto-slide ' >8<\/a><\/div><\/div><\/div><\/p>\n","protected":false},"excerpt":{"rendered":"","protected":false},"author":1,"featured_media":0,"parent":0,"menu_order":0,"comment_status":"closed","ping_status":"closed","template":"","meta":{"footnotes":""},"_links":{"self":[{"href":"https:\/\/www.renardieres.fr\/fr\/wp-json\/wp\/v2\/pages\/23"}],"collection":[{"href":"https:\/\/www.renardieres.fr\/fr\/wp-json\/wp\/v2\/pages"}],"about":[{"href":"https:\/\/www.renardieres.fr\/fr\/wp-json\/wp\/v2\/types\/page"}],"author":[{"embeddable":true,"href":"https:\/\/www.renardieres.fr\/fr\/wp-json\/wp\/v2\/users\/1"}],"replies":[{"embeddable":true,"href":"https:\/\/www.renardieres.fr\/fr\/wp-json\/wp\/v2\/comments?post=23"}],"version-history":[{"count":7,"href":"https:\/\/www.renardieres.fr\/fr\/wp-json\/wp\/v2\/pages\/23\/revisions"}],"predecessor-version":[{"id":4557,"href":"https:\/\/www.renardieres.fr\/fr\/wp-json\/wp\/v2\/pages\/23\/revisions\/4557"}],"wp:attachment":[{"href":"https:\/\/www.renardieres.fr\/fr\/wp-json\/wp\/v2\/media?parent=23"}],"curies":[{"name":"wp","href":"https:\/\/api.w.org\/{rel}","templated":true}]}}