{"id":24,"date":"2019-03-06T11:51:23","date_gmt":"2019-03-06T10:51:23","guid":{"rendered":"https:\/\/www.renardieres.fr\/?page_id=24"},"modified":"2021-06-03T15:57:56","modified_gmt":"2021-06-03T13:57:56","slug":"chalet-jaune","status":"publish","type":"page","link":"https:\/\/www.renardieres.fr\/fr\/chalet-jaune\/","title":{"rendered":"Le Ch\u00e2let Jaune &#8211; 4 \u00e0 6 personnes"},"content":{"rendered":"\n<style type=\"text\/css\" data-created_by=\"avia_inline_auto\" id=\"style-css-av-jszyolbs-c1e84910f4943b69d3335bac15f3fad6\">\n.avia-section.av-jszyolbs-c1e84910f4943b69d3335bac15f3fad6{\nbackground-repeat:no-repeat;\nbackground-image:url(https:\/\/www.renardieres.fr\/wp-content\/uploads\/2019\/03\/renardieres-16.jpg);\nbackground-position:0% 0%;\nbackground-attachment:scroll;\n}\n<\/style>\n<div id='av_section_1'  class='avia-section av-jszyolbs-c1e84910f4943b69d3335bac15f3fad6 main_color avia-section-default avia-shadow  avia-builder-el-0  el_before_av_fullscreen  avia-builder-el-first  avia-full-stretch avia-bg-style-scroll av-minimum-height av-minimum-height-100 av-height-100  container_wrap sidebar_right'  data-section-bg-repeat='stretch' data-av_minimum_height_pc='100' data-av_min_height_opt='100'><div class=\"av-section-color-overlay-wrap\"><a href='#next-section' title='' class='scroll-down-link ' aria-hidden='true' data-av_icon='\ue877' data-av_iconfont='entypo-fontello'><\/a><div class='container av-section-cont-open' ><main  role=\"main\" itemprop=\"mainContentOfPage\"  class='template-page content  av-content-small alpha units'><div class='post-entry post-entry-type-page post-entry-24'><div class='entry-content-wrapper clearfix'>\n\n<style type=\"text\/css\" data-created_by=\"avia_inline_auto\" id=\"style-css-av-jt48oo8m-db82a096cb6560378ea1f2c8b559b55f\">\n.flex_column.av-jt48oo8m-db82a096cb6560378ea1f2c8b559b55f{\nborder-radius:10px 10px 10px 10px;\npadding:20px 20px 20px 20px;\nbackground-color:rgba(255,255,255,0.85);\n}\n<\/style>\n<div  class='flex_column av-jt48oo8m-db82a096cb6560378ea1f2c8b559b55f av_one_half  avia-builder-el-1  el_before_av_one_fourth  avia-builder-el-first  first flex_column_div  '     ><p>\n<style type=\"text\/css\" data-created_by=\"avia_inline_auto\" id=\"style-css-av-kpgyr5lu-2b790967a618ba3bd0dd5a6496f4ff21\">\n#top .av-special-heading.av-kpgyr5lu-2b790967a618ba3bd0dd5a6496f4ff21{\npadding-bottom:10px;\ncolor:#ff9900;\n}\nbody .av-special-heading.av-kpgyr5lu-2b790967a618ba3bd0dd5a6496f4ff21 .av-special-heading-tag .heading-char{\nfont-size:25px;\n}\n.av-special-heading.av-kpgyr5lu-2b790967a618ba3bd0dd5a6496f4ff21 .special-heading-inner-border{\nborder-color:#ff9900;\n}\n.av-special-heading.av-kpgyr5lu-2b790967a618ba3bd0dd5a6496f4ff21 .av-subheading{\nfont-size:15px;\n}\n<\/style>\n<div  class='av-special-heading av-kpgyr5lu-2b790967a618ba3bd0dd5a6496f4ff21 av-special-heading-h1 custom-color-heading blockquote modern-quote modern-centered  avia-builder-el-2  el_before_av_textblock  avia-builder-el-first '><h1 class='av-special-heading-tag'  itemprop=\"headline\"  >Le Ch\u00e2let Jaune <\/h1><div class='av_custom_color av-subheading av-subheading_below'><p>4 \u00e0 6 personnes<\/p>\n<\/div><div class=\"special-heading-border\"><div class=\"special-heading-inner-border\"><\/div><\/div><\/div><br \/>\n<section  class='av_textblock_section av-jt48pb86-96e382c0c7f5ed0c49c3846bee938ee7 '   itemscope=\"itemscope\" itemtype=\"https:\/\/schema.org\/CreativeWork\" ><div class='avia_textblock'  itemprop=\"text\" ><p><strong>Le chalet jaune est tr\u00e8s lumineux et construit en forme de L. Il y a<\/strong> 2<strong> chambres<\/strong> \u00e0 coucher (1 lit pour 2-pers., 2 x 1-pers.lit superpos\u00e9) avec une salle de bains s\u00e9par\u00e9e (douche, la toilette, le lavabo). Un <strong>canap\u00e9-lit (2 pers.)<\/strong> dans le living avec un coin cuisine. Devant votre chalet il y a une jolie terasse en bois couverte,\u00a0 et vous avez une belle <strong>vue sur la for\u00eat et sur \u2018le Paradis\u2019<\/strong>. Il y a une possibilit\u00e9 d\u2019ajouter un lit\u00a0 pour avoir plus de place.<\/p>\n<\/div><\/section><br \/>\n<div  class='avia-buttonrow-wrap av-kobhdzsv-d851e725c5b4691167113dda530330d3 avia-buttonrow-center  avia-builder-el-4  el_after_av_textblock  avia-builder-el-last '>\n\n<style type=\"text\/css\" data-created_by=\"avia_inline_auto\" id=\"style-css-av-1nyyw-68373bf79c9345e537bf2349b7af753d\">\n#top #wrap_all .avia-button.av-1nyyw-68373bf79c9345e537bf2349b7af753d{\nmargin-bottom:5px;\nmargin-right:3px;\nmargin-left:3px;\n}\n<\/style>\n<a href='https:\/\/www.renardieres.fr\/fr\/reservation\/'  class='avia-button av-1nyyw-68373bf79c9345e537bf2349b7af753d avia-icon_select-yes-left-icon avia-size-large avia-color-theme-color'  ><span class='avia_button_icon avia_button_icon_left ' aria-hidden='true' data-av_icon='\ue806' data-av_iconfont='entypo-fontello'><\/span><span class='avia_iconbox_title' >R\u00e9server<\/span><\/a>\n\n<style type=\"text\/css\" data-created_by=\"avia_inline_auto\" id=\"style-css-av-oj4c-cb35a4b1a492c8f50821cb158e58ada6\">\n#top #wrap_all .avia-button.av-oj4c-cb35a4b1a492c8f50821cb158e58ada6{\nmargin-bottom:5px;\nmargin-right:3px;\nmargin-left:3px;\n}\n<\/style>\n<a href='#fullscreen_slider_1'  class='avia-button av-oj4c-cb35a4b1a492c8f50821cb158e58ada6 avia-icon_select-yes-left-icon avia-size-large avia-color-theme-color'  ><span class='avia_button_icon avia_button_icon_left ' aria-hidden='true' data-av_icon='\ue80e' data-av_iconfont='entypo-fontello'><\/span><span class='avia_iconbox_title' >Diaporama<\/span><\/a>\n<\/div><\/p><\/div>\n<style type=\"text\/css\" data-created_by=\"avia_inline_auto\" id=\"style-css-av-c87w-b0ef8f4a083e82a002f269080bd165a1\">\n.flex_column.av-c87w-b0ef8f4a083e82a002f269080bd165a1{\nborder-radius:0px 0px 0px 0px;\npadding:0px 0px 0px 0px;\n}\n<\/style>\n<div  class='flex_column av-c87w-b0ef8f4a083e82a002f269080bd165a1 av_one_fourth  avia-builder-el-5  el_after_av_one_half  el_before_av_one_fourth  flex_column_div av-zero-column-padding  '     ><\/div>\n<style type=\"text\/css\" data-created_by=\"avia_inline_auto\" id=\"style-css-av-jt48oo8m-265547b7df194a56eb7814a99c82d6d7\">\n.flex_column.av-jt48oo8m-265547b7df194a56eb7814a99c82d6d7{\nborder-radius:10px 10px 10px 10px;\npadding:20px 20px 20px 20px;\nbackground-color:rgba(255,255,255,0.85);\n}\n<\/style>\n<div  class='flex_column av-jt48oo8m-265547b7df194a56eb7814a99c82d6d7 av_one_fourth  avia-builder-el-6  el_after_av_one_fourth  avia-builder-el-last  flex_column_div  '     ><style type=\"text\/css\" data-created_by=\"avia_inline_auto\" id=\"style-css-av-jt48q41e-e7a8ac5a5a2ca3decf0d7caaeea1cdef\">\n.avia-image-container.av-jt48q41e-e7a8ac5a5a2ca3decf0d7caaeea1cdef img.avia_image{\nbox-shadow:none;\n}\n.avia-image-container.av-jt48q41e-e7a8ac5a5a2ca3decf0d7caaeea1cdef .av-image-caption-overlay-center{\ncolor:#ffffff;\n}\n<\/style>\n<div  class='avia-image-container av-jt48q41e-e7a8ac5a5a2ca3decf0d7caaeea1cdef av-styling- avia-align-center  avia-builder-el-7  avia-builder-el-no-sibling '   itemprop=\"image\" itemscope=\"itemscope\" itemtype=\"https:\/\/schema.org\/ImageObject\" ><div class=\"avia-image-container-inner\"><div class=\"avia-image-overlay-wrap\"><img fetchpriority=\"high\" class='wp-image-116 avia-img-lazy-loading-not-116 avia_image ' src='https:\/\/www.renardieres.fr\/wp-content\/uploads\/2019\/03\/jaune.jpg' alt='' title='jaune'  height=\"223\" width=\"229\"  itemprop=\"thumbnailUrl\"  \/><\/div><\/div><\/div><\/div><\/div><\/div><\/main><!-- close content main element --><\/div><\/div><\/div><div   class='avia-fullscreen-slider main_color   avia-builder-el-8  el_after_av_section  avia-builder-el-last  slider-not-first container_wrap sidebar_right'  ><div  class='avia-slideshow av-jt48nhnz-acc0ff00f0ec450b4f8ffb9c44fd0a74 avia-slideshow-no scaling av_fullscreen avia-slide-slider av-slideshow-ui av-control-minimal av-slideshow-autoplay av-loop-endless av-loop-manual-endless av-default-height-applied   avia-slideshow-1' data-slideshow-options=\"{&quot;animation&quot;:&quot;slide&quot;,&quot;autoplay&quot;:true,&quot;loop_autoplay&quot;:&quot;endless&quot;,&quot;interval&quot;:5,&quot;loop_manual&quot;:&quot;manual-endless&quot;,&quot;autoplay_stopper&quot;:false,&quot;noNavigation&quot;:false,&quot;bg_slider&quot;:true,&quot;keep_padding&quot;:false,&quot;hoverpause&quot;:false,&quot;show_slide_delay&quot;:0,&quot;slide_height&quot;:&quot;100&quot;,&quot;image_attachment&quot;:&quot;scroll&quot;}\"  itemprop=\"image\" itemscope=\"itemscope\" itemtype=\"https:\/\/schema.org\/ImageObject\" ><ul class='avia-slideshow-inner ' style='padding-bottom: 66.666666666667%;'><li style='background-position:top center;' data-img-url='https:\/\/www.renardieres.fr\/wp-content\/uploads\/2019\/03\/renardieres-16.jpg' class='avia-slideshow-slide av-jt48nhnz-acc0ff00f0ec450b4f8ffb9c44fd0a74__0  slide-1 slide-odd'><div data-rel='slideshow-1' class='avia-slide-wrap '   ><div class='av-slideshow-caption av-jt48nhnz-acc0ff00f0ec450b4f8ffb9c44fd0a74__0 caption_fullwidth caption_right caption_right_framed caption_framed'><div class=\"container caption_container\"><div class=\"slideshow_caption\"><div class=\"slideshow_inner_caption\"><div class=\"slideshow_align_caption\"><h2 class='avia-caption-title '  itemprop=\"name\" >La cuisine<\/h2><div class='avia-caption-content '  itemprop=\"description\" ><p>Un espace lumineux pour cuisiner et prendre ses repas<\/p>\n<\/div><\/div><\/div><\/div><\/div><\/div><\/div><\/li><li style='background-position:center center;' data-img-url='https:\/\/www.renardieres.fr\/wp-content\/uploads\/2019\/03\/renardieres-17.jpg' class='avia-slideshow-slide av-jt48nhnz-acc0ff00f0ec450b4f8ffb9c44fd0a74__1  slide-2 slide-even'><div data-rel='slideshow-1' class='avia-slide-wrap '   ><div class='av-slideshow-caption av-jt48nhnz-acc0ff00f0ec450b4f8ffb9c44fd0a74__1 caption_fullwidth caption_right caption_right_framed caption_framed'><div class=\"container caption_container\"><div class=\"slideshow_caption\"><div class=\"slideshow_inner_caption\"><div class=\"slideshow_align_caption\"><h2 class='avia-caption-title '  itemprop=\"name\" >Le salon<\/h2><div class='avia-caption-content '  itemprop=\"description\" ><p>Un coin cosy pour se relaxer<\/p>\n<\/div><\/div><\/div><\/div><\/div><\/div><\/div><\/li><li style='background-position:center center;' data-img-url='https:\/\/www.renardieres.fr\/wp-content\/uploads\/2019\/04\/29A0177-1.jpg' class='avia-slideshow-slide av-jt48nhnz-acc0ff00f0ec450b4f8ffb9c44fd0a74__2  slide-3 slide-odd'><div data-rel='slideshow-1' class='avia-slide-wrap '   ><div class='av-slideshow-caption av-jt48nhnz-acc0ff00f0ec450b4f8ffb9c44fd0a74__2 caption_fullwidth caption_bottom'><div class=\"container caption_container\"><div class=\"slideshow_caption\"><div class=\"slideshow_inner_caption\"><div class=\"slideshow_align_caption\"><h2 class='avia-caption-title '  itemprop=\"name\" >La chambre des parents<\/h2><\/div><\/div><\/div><\/div><\/div><\/div><\/li><li style='background-position:center center;' data-img-url='https:\/\/www.renardieres.fr\/wp-content\/uploads\/2019\/03\/renardieres-18.jpg' class='avia-slideshow-slide av-jt48nhnz-acc0ff00f0ec450b4f8ffb9c44fd0a74__3  slide-4 slide-even'><div data-rel='slideshow-1' class='avia-slide-wrap '   ><div class='av-slideshow-caption av-jt48nhnz-acc0ff00f0ec450b4f8ffb9c44fd0a74__3 caption_fullwidth caption_right caption_right_framed caption_framed'><div class=\"container caption_container\"><div class=\"slideshow_caption\"><div class=\"slideshow_inner_caption\"><div class=\"slideshow_align_caption\"><h2 class='avia-caption-title '  itemprop=\"name\" >La chambre enfants<\/h2><\/div><\/div><\/div><\/div><\/div><\/div><\/li><li style='background-position:center center;' data-img-url='https:\/\/www.renardieres.fr\/wp-content\/uploads\/2019\/04\/renardieres-20-1.jpg' class='avia-slideshow-slide av-jt48nhnz-acc0ff00f0ec450b4f8ffb9c44fd0a74__4  slide-5 slide-odd'><div data-rel='slideshow-1' class='avia-slide-wrap '   ><\/div><\/li><li style='background-position:center center;' data-img-url='https:\/\/www.renardieres.fr\/wp-content\/uploads\/2019\/04\/IMG_20180524_193944.jpg' class='avia-slideshow-slide av-jt48nhnz-acc0ff00f0ec450b4f8ffb9c44fd0a74__5  slide-6 slide-even'><div data-rel='slideshow-1' class='avia-slide-wrap '   ><\/div><\/li><li style='background-position:center center;' data-img-url='https:\/\/www.renardieres.fr\/wp-content\/uploads\/2019\/03\/renardieres-15.jpg' class='avia-slideshow-slide av-jt48nhnz-acc0ff00f0ec450b4f8ffb9c44fd0a74__6  slide-7 slide-odd'><div data-rel='slideshow-1' class='avia-slide-wrap '   ><\/div><\/li><li style='background-position:center center;' data-img-url='https:\/\/www.renardieres.fr\/wp-content\/uploads\/2019\/04\/renardieres-06.jpg' class='avia-slideshow-slide av-jt48nhnz-acc0ff00f0ec450b4f8ffb9c44fd0a74__7  slide-8 slide-even'><div data-rel='slideshow-1' class='avia-slide-wrap '   ><\/div><\/li><li style='background-position:center center;' data-img-url='https:\/\/www.renardieres.fr\/wp-content\/uploads\/2019\/04\/renardieres-48.jpg' class='avia-slideshow-slide av-jt48nhnz-acc0ff00f0ec450b4f8ffb9c44fd0a74__8  slide-9 slide-odd'><div data-rel='slideshow-1' class='avia-slide-wrap '   ><\/div><\/li><\/ul><div class='avia-slideshow-arrows avia-slideshow-controls' ><a href='#prev' class='prev-slide ' aria-hidden='true' data-av_icon='\ue87c' data-av_iconfont='entypo-fontello'  tabindex='-1'>Pr\u00e9c\u00e9dent<\/a><a href='#next' class='next-slide ' aria-hidden='true' data-av_icon='\ue87d' data-av_iconfont='entypo-fontello'  tabindex='-1'>Suivant<\/a><\/div><div class='avia-slideshow-dots avia-slideshow-controls'><a href='#1' class='goto-slide active' >1<\/a><a href='#2' class='goto-slide ' >2<\/a><a href='#3' class='goto-slide ' >3<\/a><a href='#4' class='goto-slide ' >4<\/a><a href='#5' class='goto-slide ' >5<\/a><a href='#6' class='goto-slide ' >6<\/a><a href='#7' class='goto-slide ' >7<\/a><a href='#8' class='goto-slide ' >8<\/a><a href='#9' class='goto-slide ' >9<\/a><\/div><\/div><\/div><\/p>\n","protected":false},"excerpt":{"rendered":"","protected":false},"author":1,"featured_media":0,"parent":0,"menu_order":0,"comment_status":"closed","ping_status":"closed","template":"","meta":{"footnotes":""},"_links":{"self":[{"href":"https:\/\/www.renardieres.fr\/fr\/wp-json\/wp\/v2\/pages\/24"}],"collection":[{"href":"https:\/\/www.renardieres.fr\/fr\/wp-json\/wp\/v2\/pages"}],"about":[{"href":"https:\/\/www.renardieres.fr\/fr\/wp-json\/wp\/v2\/types\/page"}],"author":[{"embeddable":true,"href":"https:\/\/www.renardieres.fr\/fr\/wp-json\/wp\/v2\/users\/1"}],"replies":[{"embeddable":true,"href":"https:\/\/www.renardieres.fr\/fr\/wp-json\/wp\/v2\/comments?post=24"}],"version-history":[{"count":6,"href":"https:\/\/www.renardieres.fr\/fr\/wp-json\/wp\/v2\/pages\/24\/revisions"}],"predecessor-version":[{"id":4555,"href":"https:\/\/www.renardieres.fr\/fr\/wp-json\/wp\/v2\/pages\/24\/revisions\/4555"}],"wp:attachment":[{"href":"https:\/\/www.renardieres.fr\/fr\/wp-json\/wp\/v2\/media?parent=24"}],"curies":[{"name":"wp","href":"https:\/\/api.w.org\/{rel}","templated":true}]}}