{"id":25,"date":"2019-03-06T11:52:13","date_gmt":"2019-03-06T10:52:13","guid":{"rendered":"https:\/\/www.renardieres.fr\/?page_id=25"},"modified":"2021-06-03T15:59:17","modified_gmt":"2021-06-03T13:59:17","slug":"chalet-olive","status":"publish","type":"page","link":"https:\/\/www.renardieres.fr\/fr\/chalet-olive\/","title":{"rendered":"Le Ch\u00e2let Olive &#8211; 5 \u00e0 7 personnes"},"content":{"rendered":"\n<style type=\"text\/css\" data-created_by=\"avia_inline_auto\" id=\"style-css-av-jszyolbs-dc6ed133d7967c2f0ebcb4ddbc634172\">\n.avia-section.av-jszyolbs-dc6ed133d7967c2f0ebcb4ddbc634172{\nbackground-repeat:no-repeat;\nbackground-image:url(https:\/\/www.renardieres.fr\/wp-content\/uploads\/2019\/03\/renardieres-63.jpg);\nbackground-position:0% 0%;\nbackground-attachment:scroll;\n}\n<\/style>\n<div id='av_section_1'  class='avia-section av-jszyolbs-dc6ed133d7967c2f0ebcb4ddbc634172 main_color avia-section-default avia-shadow  avia-builder-el-0  el_before_av_fullscreen  avia-builder-el-first  avia-full-stretch avia-bg-style-scroll av-minimum-height av-minimum-height-100 av-height-100  container_wrap sidebar_right'  data-section-bg-repeat='stretch' data-av_minimum_height_pc='100' data-av_min_height_opt='100'><div class=\"av-section-color-overlay-wrap\"><a href='#next-section' title='' class='scroll-down-link ' aria-hidden='true' data-av_icon='\ue877' data-av_iconfont='entypo-fontello'><\/a><div class='container av-section-cont-open' ><main  role=\"main\" itemprop=\"mainContentOfPage\"  class='template-page content  av-content-small alpha units'><div class='post-entry post-entry-type-page post-entry-25'><div class='entry-content-wrapper clearfix'>\n\n<style type=\"text\/css\" data-created_by=\"avia_inline_auto\" id=\"style-css-av-jt48oo8m-db82a096cb6560378ea1f2c8b559b55f\">\n.flex_column.av-jt48oo8m-db82a096cb6560378ea1f2c8b559b55f{\nborder-radius:10px 10px 10px 10px;\npadding:20px 20px 20px 20px;\nbackground-color:rgba(255,255,255,0.85);\n}\n<\/style>\n<div  class='flex_column av-jt48oo8m-db82a096cb6560378ea1f2c8b559b55f av_one_half  avia-builder-el-1  el_before_av_one_fourth  avia-builder-el-first  first flex_column_div  '     ><p>\n<style type=\"text\/css\" data-created_by=\"avia_inline_auto\" id=\"style-css-av-kpgyswfk-a64f8d1165237830c2af546235c6699d\">\n#top .av-special-heading.av-kpgyswfk-a64f8d1165237830c2af546235c6699d{\npadding-bottom:10px;\ncolor:#5e8e70;\n}\nbody .av-special-heading.av-kpgyswfk-a64f8d1165237830c2af546235c6699d .av-special-heading-tag .heading-char{\nfont-size:25px;\n}\n.av-special-heading.av-kpgyswfk-a64f8d1165237830c2af546235c6699d .special-heading-inner-border{\nborder-color:#5e8e70;\n}\n.av-special-heading.av-kpgyswfk-a64f8d1165237830c2af546235c6699d .av-subheading{\nfont-size:15px;\n}\n<\/style>\n<div  class='av-special-heading av-kpgyswfk-a64f8d1165237830c2af546235c6699d av-special-heading-h1 custom-color-heading blockquote modern-quote modern-centered  avia-builder-el-2  el_before_av_textblock  avia-builder-el-first '><h1 class='av-special-heading-tag'  itemprop=\"headline\"  >Le Ch\u00e2let Olive<\/h1><div class='av_custom_color av-subheading av-subheading_below'><p>5 \u00e0 7 personnes<\/p>\n<\/div><div class=\"special-heading-border\"><div class=\"special-heading-inner-border\"><\/div><\/div><\/div><br \/>\n<section  class='av_textblock_section av-jt48pb86-96e382c0c7f5ed0c49c3846bee938ee7 '   itemscope=\"itemscope\" itemtype=\"https:\/\/schema.org\/CreativeWork\" ><div class='avia_textblock'  itemprop=\"text\" ><p>Le chalet olive\u00a0est compl\u00e8tement refait en\u00a02016! 1 chambre\u00a0\u00e0 coucher avec<strong> 2 lits x 1 pers.<\/strong> Une chambre avec 1 lit superpos\u00e9 pour 2 personnes et possibilit\u00e9 de mettre un troisi\u00e8me lit; \u00a0Dans la salle de bains une douche et lavabo. Des toilettes s\u00e9par\u00e9s. Une pi\u00e8ce cuisine-s\u00e9jour, avec une table \u00e0 manger et un coin s\u00e9jour confortables. Cuisine bien \u00e9quip\u00e9 avec four, micro-onde, lave-vaiselle, etc. \u00a0Une veranda couvert avec canap\u00e9 lit qui se transforme facilement en lit pour admirer les \u00e9toiles le soir. A cot\u00e9 une grande terrasse en bois avec une <strong>vue sur les pr\u00e9s des chevaux et la foret<\/strong>.<\/p>\n<\/div><\/section><br \/>\n<div  class='avia-buttonrow-wrap av-kobhdzsv-d851e725c5b4691167113dda530330d3 avia-buttonrow-center  avia-builder-el-4  el_after_av_textblock  avia-builder-el-last '>\n\n<style type=\"text\/css\" data-created_by=\"avia_inline_auto\" id=\"style-css-av-1jh35-e7f84ffa826f2a04ce515572c66984ef\">\n#top #wrap_all .avia-button.av-1jh35-e7f84ffa826f2a04ce515572c66984ef{\nmargin-bottom:5px;\nmargin-right:3px;\nmargin-left:3px;\n}\n<\/style>\n<a href='https:\/\/www.renardieres.fr\/fr\/reservation\/'  class='avia-button av-1jh35-e7f84ffa826f2a04ce515572c66984ef avia-icon_select-yes-left-icon avia-size-large avia-color-theme-color'  ><span class='avia_button_icon avia_button_icon_left ' aria-hidden='true' data-av_icon='\ue806' data-av_iconfont='entypo-fontello'><\/span><span class='avia_iconbox_title' >R\u00e9server<\/span><\/a>\n\n<style type=\"text\/css\" data-created_by=\"avia_inline_auto\" id=\"style-css-av-13j39-482d1b1ce09fad9ed23519358df5fe88\">\n#top #wrap_all .avia-button.av-13j39-482d1b1ce09fad9ed23519358df5fe88{\nmargin-bottom:5px;\nmargin-right:3px;\nmargin-left:3px;\n}\n<\/style>\n<a href='#fullscreen_slider_1'  class='avia-button av-13j39-482d1b1ce09fad9ed23519358df5fe88 avia-icon_select-yes-left-icon avia-size-large avia-color-theme-color'  ><span class='avia_button_icon avia_button_icon_left ' aria-hidden='true' data-av_icon='\ue80e' data-av_iconfont='entypo-fontello'><\/span><span class='avia_iconbox_title' >Diaporama<\/span><\/a>\n<\/div><\/p><\/div>\n<style type=\"text\/css\" data-created_by=\"avia_inline_auto\" id=\"style-css-av-6hk75-36cc65305928d70849385b4f5bc00869\">\n.flex_column.av-6hk75-36cc65305928d70849385b4f5bc00869{\nborder-radius:0px 0px 0px 0px;\npadding:0px 0px 0px 0px;\n}\n<\/style>\n<div  class='flex_column av-6hk75-36cc65305928d70849385b4f5bc00869 av_one_fourth  avia-builder-el-5  el_after_av_one_half  avia-builder-el-last  flex_column_div av-zero-column-padding  '     ><\/div><\/div><\/div><\/main><!-- close content main element --><\/div><\/div><\/div><div   class='avia-fullscreen-slider main_color   avia-builder-el-6  el_after_av_section  avia-builder-el-last  slider-not-first container_wrap sidebar_right'  ><div  class='avia-slideshow av-jt48nhnz-acc0ff00f0ec450b4f8ffb9c44fd0a74 avia-slideshow-no scaling av_fullscreen avia-slide-slider av-slideshow-ui av-control-minimal av-slideshow-autoplay av-loop-endless av-loop-manual-endless av-default-height-applied   avia-slideshow-1' data-slideshow-options=\"{&quot;animation&quot;:&quot;slide&quot;,&quot;autoplay&quot;:true,&quot;loop_autoplay&quot;:&quot;endless&quot;,&quot;interval&quot;:5,&quot;loop_manual&quot;:&quot;manual-endless&quot;,&quot;autoplay_stopper&quot;:false,&quot;noNavigation&quot;:false,&quot;bg_slider&quot;:true,&quot;keep_padding&quot;:false,&quot;hoverpause&quot;:false,&quot;show_slide_delay&quot;:0,&quot;slide_height&quot;:&quot;100&quot;,&quot;image_attachment&quot;:&quot;scroll&quot;}\"  itemprop=\"image\" itemscope=\"itemscope\" itemtype=\"https:\/\/schema.org\/ImageObject\" ><ul class='avia-slideshow-inner ' style='padding-bottom: 66.666666666667%;'><li style='background-position:top center;' data-img-url='https:\/\/www.renardieres.fr\/wp-content\/uploads\/2019\/03\/renardieres-59.jpg' class='avia-slideshow-slide av-jt48nhnz-acc0ff00f0ec450b4f8ffb9c44fd0a74__0  slide-1 slide-odd'><div data-rel='slideshow-1' class='avia-slide-wrap '   ><div class='av-slideshow-caption av-jt48nhnz-acc0ff00f0ec450b4f8ffb9c44fd0a74__0 caption_fullwidth caption_right caption_right_framed caption_framed'><div class=\"container caption_container\"><div class=\"slideshow_caption\"><div class=\"slideshow_inner_caption\"><div class=\"slideshow_align_caption\"><h2 class='avia-caption-title '  itemprop=\"name\" >La cuisine<\/h2><div class='avia-caption-content '  itemprop=\"description\" ><p>Un espace lumineux pour cuisiner et prendre ses repas<\/p>\n<\/div><\/div><\/div><\/div><\/div><\/div><\/div><\/li><li style='background-position:center center;' data-img-url='https:\/\/www.renardieres.fr\/wp-content\/uploads\/2019\/03\/renardieres-58.jpg' class='avia-slideshow-slide av-jt48nhnz-acc0ff00f0ec450b4f8ffb9c44fd0a74__1  slide-2 slide-even'><div data-rel='slideshow-1' class='avia-slide-wrap '   ><div class='av-slideshow-caption av-jt48nhnz-acc0ff00f0ec450b4f8ffb9c44fd0a74__1 caption_fullwidth caption_right caption_right_framed caption_framed'><div class=\"container caption_container\"><div class=\"slideshow_caption\"><div class=\"slideshow_inner_caption\"><div class=\"slideshow_align_caption\"><h2 class='avia-caption-title '  itemprop=\"name\" >Le salon<\/h2><div class='avia-caption-content '  itemprop=\"description\" ><p>Un coin cosy pour se relaxer<\/p>\n<\/div><\/div><\/div><\/div><\/div><\/div><\/div><\/li><li style='background-position:center center;' data-img-url='https:\/\/www.renardieres.fr\/wp-content\/uploads\/2019\/03\/renardieres-60.jpg' class='avia-slideshow-slide av-jt48nhnz-acc0ff00f0ec450b4f8ffb9c44fd0a74__2  slide-3 slide-odd'><div data-rel='slideshow-1' class='avia-slide-wrap '   ><\/div><\/li><li style='background-position:center center;' data-img-url='https:\/\/www.renardieres.fr\/wp-content\/uploads\/2019\/03\/renardieres-63.jpg' class='avia-slideshow-slide av-jt48nhnz-acc0ff00f0ec450b4f8ffb9c44fd0a74__3  slide-4 slide-even'><div data-rel='slideshow-1' class='avia-slide-wrap '   ><\/div><\/li><li style='background-position:center center;' data-img-url='https:\/\/www.renardieres.fr\/wp-content\/uploads\/2019\/03\/renardieres-62.jpg' class='avia-slideshow-slide av-jt48nhnz-acc0ff00f0ec450b4f8ffb9c44fd0a74__4  slide-5 slide-odd'><div data-rel='slideshow-1' class='avia-slide-wrap '   ><\/div><\/li><li style='background-position:center center;' data-img-url='https:\/\/www.renardieres.fr\/wp-content\/uploads\/2019\/03\/renardieres-61.jpg' class='avia-slideshow-slide av-jt48nhnz-acc0ff00f0ec450b4f8ffb9c44fd0a74__5  slide-6 slide-even'><div data-rel='slideshow-1' class='avia-slide-wrap '   ><\/div><\/li><li style='background-position:center center;' data-img-url='https:\/\/www.renardieres.fr\/wp-content\/uploads\/2019\/03\/renardieres-64.jpg' class='avia-slideshow-slide av-jt48nhnz-acc0ff00f0ec450b4f8ffb9c44fd0a74__6  slide-7 slide-odd'><div data-rel='slideshow-1' class='avia-slide-wrap '   ><\/div><\/li><li style='background-position:center center;' data-img-url='https:\/\/www.renardieres.fr\/wp-content\/uploads\/2019\/04\/29A0301-1.rec-Modifier.jpg' class='avia-slideshow-slide av-jt48nhnz-acc0ff00f0ec450b4f8ffb9c44fd0a74__7  slide-8 slide-even'><div data-rel='slideshow-1' class='avia-slide-wrap '   ><\/div><\/li><li style='background-position:center center;' data-img-url='https:\/\/www.renardieres.fr\/wp-content\/uploads\/2019\/04\/renardieres-06.jpg' class='avia-slideshow-slide av-jt48nhnz-acc0ff00f0ec450b4f8ffb9c44fd0a74__8  slide-9 slide-odd'><div data-rel='slideshow-1' class='avia-slide-wrap '   ><\/div><\/li><li style='background-position:center center;' data-img-url='https:\/\/www.renardieres.fr\/wp-content\/uploads\/2019\/04\/renardieres-48.jpg' class='avia-slideshow-slide av-jt48nhnz-acc0ff00f0ec450b4f8ffb9c44fd0a74__9  slide-10 slide-even'><div data-rel='slideshow-1' class='avia-slide-wrap '   ><\/div><\/li><\/ul><div class='avia-slideshow-arrows avia-slideshow-controls' ><a href='#prev' class='prev-slide ' aria-hidden='true' data-av_icon='\ue87c' data-av_iconfont='entypo-fontello'  tabindex='-1'>Pr\u00e9c\u00e9dent<\/a><a href='#next' class='next-slide ' aria-hidden='true' data-av_icon='\ue87d' data-av_iconfont='entypo-fontello'  tabindex='-1'>Suivant<\/a><\/div><div class='avia-slideshow-dots avia-slideshow-controls'><a href='#1' class='goto-slide active' >1<\/a><a href='#2' class='goto-slide ' >2<\/a><a href='#3' class='goto-slide ' >3<\/a><a href='#4' class='goto-slide ' >4<\/a><a href='#5' class='goto-slide ' >5<\/a><a href='#6' class='goto-slide ' >6<\/a><a href='#7' class='goto-slide ' >7<\/a><a href='#8' class='goto-slide ' >8<\/a><a href='#9' class='goto-slide ' >9<\/a><a href='#10' class='goto-slide ' >10<\/a><\/div><\/div><\/div><\/p>\n","protected":false},"excerpt":{"rendered":"","protected":false},"author":1,"featured_media":0,"parent":0,"menu_order":0,"comment_status":"closed","ping_status":"closed","template":"","meta":{"footnotes":""},"_links":{"self":[{"href":"https:\/\/www.renardieres.fr\/fr\/wp-json\/wp\/v2\/pages\/25"}],"collection":[{"href":"https:\/\/www.renardieres.fr\/fr\/wp-json\/wp\/v2\/pages"}],"about":[{"href":"https:\/\/www.renardieres.fr\/fr\/wp-json\/wp\/v2\/types\/page"}],"author":[{"embeddable":true,"href":"https:\/\/www.renardieres.fr\/fr\/wp-json\/wp\/v2\/users\/1"}],"replies":[{"embeddable":true,"href":"https:\/\/www.renardieres.fr\/fr\/wp-json\/wp\/v2\/comments?post=25"}],"version-history":[{"count":8,"href":"https:\/\/www.renardieres.fr\/fr\/wp-json\/wp\/v2\/pages\/25\/revisions"}],"predecessor-version":[{"id":4559,"href":"https:\/\/www.renardieres.fr\/fr\/wp-json\/wp\/v2\/pages\/25\/revisions\/4559"}],"wp:attachment":[{"href":"https:\/\/www.renardieres.fr\/fr\/wp-json\/wp\/v2\/media?parent=25"}],"curies":[{"name":"wp","href":"https:\/\/api.w.org\/{rel}","templated":true}]}}