{"id":43,"date":"2019-03-06T12:09:56","date_gmt":"2019-03-06T11:09:56","guid":{"rendered":"https:\/\/www.renardieres.fr\/?page_id=43"},"modified":"2019-03-28T10:58:05","modified_gmt":"2019-03-28T09:58:05","slug":"reservation","status":"publish","type":"page","link":"https:\/\/www.renardieres.fr\/fr\/reservation\/","title":{"rendered":"R\u00e9servation"},"content":{"rendered":"\n<style type=\"text\/css\" data-created_by=\"avia_inline_auto\" id=\"style-css-av-jszyolbs-352255608f517d22cddbcb1d4a1c7b07\">\n.avia-section.av-jszyolbs-352255608f517d22cddbcb1d4a1c7b07{\nbackground-repeat:no-repeat;\nbackground-image:url(https:\/\/www.renardieres.fr\/wp-content\/uploads\/2019\/03\/renardieres-45.jpg);\nbackground-position:0% 0%;\nbackground-attachment:scroll;\n}\n<\/style>\n<div id='av_section_1'  class='avia-section av-jszyolbs-352255608f517d22cddbcb1d4a1c7b07 main_color avia-section-default avia-shadow  avia-builder-el-0  avia-builder-el-no-sibling  avia-full-stretch avia-bg-style-scroll av-minimum-height av-minimum-height-100 av-height-100  container_wrap sidebar_right'  data-section-bg-repeat='stretch' data-av_minimum_height_pc='100' data-av_min_height_opt='100'><div class='container av-section-cont-open' ><main  role=\"main\" itemprop=\"mainContentOfPage\"  class='template-page content  av-content-small alpha units'><div class='post-entry post-entry-type-page post-entry-43'><div class='entry-content-wrapper clearfix'>\n\n<style type=\"text\/css\" data-created_by=\"avia_inline_auto\" id=\"style-css-av-jt48oo8m-db82a096cb6560378ea1f2c8b559b55f\">\n.flex_column.av-jt48oo8m-db82a096cb6560378ea1f2c8b559b55f{\nborder-radius:10px 10px 10px 10px;\npadding:20px 20px 20px 20px;\nbackground-color:rgba(255,255,255,0.85);\n}\n<\/style>\n<div  class='flex_column av-jt48oo8m-db82a096cb6560378ea1f2c8b559b55f av_one_full  avia-builder-el-1  avia-builder-el-no-sibling  first flex_column_div  '     ><p>\n<style type=\"text\/css\" data-created_by=\"avia_inline_auto\" id=\"style-css-av-jtsgsyk9-eace9724a20179c7fb93b4af3855ebcb\">\n#top .av-special-heading.av-jtsgsyk9-eace9724a20179c7fb93b4af3855ebcb{\npadding-bottom:10px;\n}\nbody .av-special-heading.av-jtsgsyk9-eace9724a20179c7fb93b4af3855ebcb .av-special-heading-tag .heading-char{\nfont-size:25px;\n}\n.av-special-heading.av-jtsgsyk9-eace9724a20179c7fb93b4af3855ebcb .av-subheading{\nfont-size:15px;\n}\n<\/style>\n<div  class='av-special-heading av-jtsgsyk9-eace9724a20179c7fb93b4af3855ebcb av-special-heading-h1 blockquote modern-quote  avia-builder-el-2  el_before_av_codeblock  avia-builder-el-first '><h1 class='av-special-heading-tag'  itemprop=\"headline\"  >R\u00e9servation<\/h1><div class='av-subheading av-subheading_below'><p>Bonjour , merci de remplir enti\u00e8rement ce formulaire ou de nous appeler directement au 05.55.93.25.36, nous traitons votre demande d\u00e8s r\u00e9ception.<\/p>\n<\/div><div class=\"special-heading-border\"><div class=\"special-heading-inner-border\"><\/div><\/div><\/div><br \/>\n<\/p><\/div><\/div><\/div><\/main><!-- close content main element --><\/div><\/div><div id='after_section_1'  class='main_color av_default_container_wrap container_wrap sidebar_right'  ><div class='container av-section-cont-open' ><div class='template-page content  av-content-small alpha units'><div class='post-entry post-entry-type-page post-entry-43'><div class='entry-content-wrapper clearfix'>\n","protected":false},"excerpt":{"rendered":"","protected":false},"author":1,"featured_media":0,"parent":0,"menu_order":0,"comment_status":"closed","ping_status":"closed","template":"","meta":{"footnotes":""},"_links":{"self":[{"href":"https:\/\/www.renardieres.fr\/fr\/wp-json\/wp\/v2\/pages\/43"}],"collection":[{"href":"https:\/\/www.renardieres.fr\/fr\/wp-json\/wp\/v2\/pages"}],"about":[{"href":"https:\/\/www.renardieres.fr\/fr\/wp-json\/wp\/v2\/types\/page"}],"author":[{"embeddable":true,"href":"https:\/\/www.renardieres.fr\/fr\/wp-json\/wp\/v2\/users\/1"}],"replies":[{"embeddable":true,"href":"https:\/\/www.renardieres.fr\/fr\/wp-json\/wp\/v2\/comments?post=43"}],"version-history":[{"count":4,"href":"https:\/\/www.renardieres.fr\/fr\/wp-json\/wp\/v2\/pages\/43\/revisions"}],"predecessor-version":[{"id":689,"href":"https:\/\/www.renardieres.fr\/fr\/wp-json\/wp\/v2\/pages\/43\/revisions\/689"}],"wp:attachment":[{"href":"https:\/\/www.renardieres.fr\/fr\/wp-json\/wp\/v2\/media?parent=43"}],"curies":[{"name":"wp","href":"https:\/\/api.w.org\/{rel}","templated":true}]}}