{"id":45,"date":"2019-03-06T12:14:22","date_gmt":"2019-03-06T11:14:22","guid":{"rendered":"https:\/\/www.renardieres.fr\/?page_id=45"},"modified":"2019-04-01T15:29:46","modified_gmt":"2019-04-01T13:29:46","slug":"contact-itineraire","status":"publish","type":"page","link":"https:\/\/www.renardieres.fr\/fr\/contact-itineraire\/","title":{"rendered":"Contact \/ Itin\u00e9raire"},"content":{"rendered":"\n<style type=\"text\/css\" data-created_by=\"avia_inline_auto\" id=\"style-css-av-jszyolbs-9b035ad83152eac004cc0090eee507a3\">\n.avia-section.av-jszyolbs-9b035ad83152eac004cc0090eee507a3{\nbackground-repeat:no-repeat;\nbackground-image:url(https:\/\/www.renardieres.fr\/wp-content\/uploads\/2019\/03\/20181004_114207-1500x844.jpg);\nbackground-position:100% 50%;\nbackground-attachment:scroll;\n}\n<\/style>\n<div id='av_section_1'  class='avia-section av-jszyolbs-9b035ad83152eac004cc0090eee507a3 main_color avia-section-default avia-shadow  avia-builder-el-0  el_before_av_google_map  avia-builder-el-first  avia-full-stretch avia-bg-style-scroll av-minimum-height av-minimum-height-100 av-height-100  container_wrap sidebar_right'  data-section-bg-repeat='stretch' data-av_minimum_height_pc='100' data-av_min_height_opt='100'><div class=\"av-section-color-overlay-wrap\"><a href='#next-section' title='' class='scroll-down-link ' aria-hidden='true' data-av_icon='\ue877' data-av_iconfont='entypo-fontello'><\/a><div class='container av-section-cont-open' ><main  role=\"main\" itemprop=\"mainContentOfPage\"  class='template-page content  av-content-small alpha units'><div class='post-entry post-entry-type-page post-entry-45'><div class='entry-content-wrapper clearfix'>\n\n<style type=\"text\/css\" data-created_by=\"avia_inline_auto\" id=\"style-css-av-jt48oo8m-db82a096cb6560378ea1f2c8b559b55f\">\n.flex_column.av-jt48oo8m-db82a096cb6560378ea1f2c8b559b55f{\nborder-radius:10px 10px 10px 10px;\npadding:20px 20px 20px 20px;\nbackground-color:rgba(255,255,255,0.85);\n}\n<\/style>\n<div  class='flex_column av-jt48oo8m-db82a096cb6560378ea1f2c8b559b55f av_one_half  avia-builder-el-1  el_before_av_one_half  avia-builder-el-first  first flex_column_div  '     ><p>\n<style type=\"text\/css\" data-created_by=\"avia_inline_auto\" id=\"style-css-av-jt4gr9re-e8fcc0b702e8d101825bb49e412cff08\">\n#top .av-special-heading.av-jt4gr9re-e8fcc0b702e8d101825bb49e412cff08{\npadding-bottom:10px;\n}\nbody .av-special-heading.av-jt4gr9re-e8fcc0b702e8d101825bb49e412cff08 .av-special-heading-tag .heading-char{\nfont-size:25px;\n}\n.av-special-heading.av-jt4gr9re-e8fcc0b702e8d101825bb49e412cff08 .av-subheading{\nfont-size:15px;\n}\n<\/style>\n<div  class='av-special-heading av-jt4gr9re-e8fcc0b702e8d101825bb49e412cff08 av-special-heading-h1 blockquote modern-quote modern-centered  avia-builder-el-2  el_before_av_textblock  avia-builder-el-first '><h1 class='av-special-heading-tag'  itemprop=\"headline\"  >Contacts<\/h1><div class=\"special-heading-border\"><div class=\"special-heading-inner-border\"><\/div><\/div><\/div><br \/>\n<section  class='av_textblock_section av-jt48pb86-96e382c0c7f5ed0c49c3846bee938ee7 '   itemscope=\"itemscope\" itemtype=\"https:\/\/schema.org\/CreativeWork\" ><div class='avia_textblock'  itemprop=\"text\" ><p><strong>Les Renardi\u00e8res<\/strong><\/p>\n<p>Jacqueline Flapper et Bernardino Sanchez<\/p>\n<p><strong>Adresse<\/strong> : 27, route de Saint Hilaire Foissac, Messence<br \/>\n19300 Moustier Ventadour<br \/>\n<strong>GPS<\/strong> : N 45.3657245 \/ E 2.1234327<br \/>\n<strong>T\u00e9l\u00e9phone<\/strong> : +33(0)5.55.93.25.36<\/p>\n<\/div><\/section><br \/>\n\n<style type=\"text\/css\" data-created_by=\"avia_inline_auto\" id=\"style-css-av-jt4gr9re-9f63ecdc514a0fcac789a2374253e9f6\">\n#top .av-special-heading.av-jt4gr9re-9f63ecdc514a0fcac789a2374253e9f6{\npadding-bottom:10px;\n}\nbody .av-special-heading.av-jt4gr9re-9f63ecdc514a0fcac789a2374253e9f6 .av-special-heading-tag .heading-char{\nfont-size:25px;\n}\n.av-special-heading.av-jt4gr9re-9f63ecdc514a0fcac789a2374253e9f6 .av-subheading{\nfont-size:15px;\n}\n<\/style>\n<div  class='av-special-heading av-jt4gr9re-9f63ecdc514a0fcac789a2374253e9f6 av-special-heading-h2 blockquote modern-quote  avia-builder-el-4  el_after_av_textblock  el_before_av_codeblock '><h2 class='av-special-heading-tag'  itemprop=\"headline\"  >Un message ?<\/h2><div class=\"special-heading-border\"><div class=\"special-heading-inner-border\"><\/div><\/div><\/div><br \/>\n<\/p><\/div>\n<style type=\"text\/css\" data-created_by=\"avia_inline_auto\" id=\"style-css-av-jt48oo8m-265547b7df194a56eb7814a99c82d6d7\">\n.flex_column.av-jt48oo8m-265547b7df194a56eb7814a99c82d6d7{\nborder-radius:10px 10px 10px 10px;\npadding:20px 20px 20px 20px;\nbackground-color:rgba(255,255,255,0.85);\n}\n<\/style>\n<div  class='flex_column av-jt48oo8m-265547b7df194a56eb7814a99c82d6d7 av_one_half  avia-builder-el-6  el_after_av_one_half  avia-builder-el-last  flex_column_div  '     ><p>\n<style type=\"text\/css\" data-created_by=\"avia_inline_auto\" id=\"style-css-av-jt4gr9re-e281fe4962da0f780854bac867c2b843\">\n#top .av-special-heading.av-jt4gr9re-e281fe4962da0f780854bac867c2b843{\npadding-bottom:10px;\n}\nbody .av-special-heading.av-jt4gr9re-e281fe4962da0f780854bac867c2b843 .av-special-heading-tag .heading-char{\nfont-size:25px;\n}\n.av-special-heading.av-jt4gr9re-e281fe4962da0f780854bac867c2b843 .av-subheading{\nfont-size:15px;\n}\n<\/style>\n<div  class='av-special-heading av-jt4gr9re-e281fe4962da0f780854bac867c2b843 av-special-heading-h2 blockquote modern-quote modern-centered  avia-builder-el-7  el_before_av_toggle_container  avia-builder-el-first '><h2 class='av-special-heading-tag'  itemprop=\"headline\"  >Itin\u00e9raire<\/h2><div class=\"special-heading-border\"><div class=\"special-heading-inner-border\"><\/div><\/div><\/div><br \/>\n<div  class='togglecontainer av-jt4hjlqc-4411a335cd07627b2c49ff2d7016a01d  avia-builder-el-8  el_after_av_heading  el_before_av_textblock  toggle_close_all' >\n<section class='av_toggle_section av-av_toggle-818992122ad5be1a2bb45bb9669e5767'  itemscope=\"itemscope\" itemtype=\"https:\/\/schema.org\/CreativeWork\" ><div role=\"tablist\" class=\"single_toggle\" data-tags=\"{Tout} \"  ><p data-fake-id='#toggle-id-1' class='toggler   '  itemprop=\"headline\"  role='tab' tabindex='0' aria-controls='toggle-id-1'>Direction de Paris<span class=\"toggle_icon\"><span class=\"vert_icon\"><\/span><span class=\"hor_icon\"><\/span><\/span><\/p><div id='toggle-id-1' class='toggle_wrap  '  ><div class='toggle_content invers-color '  itemprop=\"text\" ><p><strong>A 10<\/strong> : Bordeaux \/ Nantes<\/p>\n<p><strong>A 71 : <\/strong>Clermont Ferrand<\/p>\n<p><strong>A 20<\/strong> : Limoges \/ Toulouse (par Vierzon)<\/p>\n<p><strong>A 89<\/strong> : direction Clermont Ferrand (A 89)<\/p>\n<p><strong>Sortie 22: Egletons<\/strong>.<\/p>\n<p><strong>Apr\u00e8s<\/strong> : voyez en dessous : Egletons<\/p>\n<\/div><\/div><\/div><\/section>\n<section class='av_toggle_section av-av_toggle-13ffd0edee00715d4c3addaad9b72b09'  itemscope=\"itemscope\" itemtype=\"https:\/\/schema.org\/CreativeWork\" ><div role=\"tablist\" class=\"single_toggle\" data-tags=\"{Tout} \"  ><p data-fake-id='#toggle-id-2' class='toggler   '  itemprop=\"headline\"  role='tab' tabindex='0' aria-controls='toggle-id-2'>Direction de Toulouse \/ Brive-La-Gaillarde : <span class=\"toggle_icon\"><span class=\"vert_icon\"><\/span><span class=\"hor_icon\"><\/span><\/span><\/p><div id='toggle-id-2' class='toggle_wrap  '  ><div class='toggle_content invers-color '  itemprop=\"text\" ><p><span lang=\"FR\"><strong>A 20<\/strong> : Direction Paris<\/span><\/p>\n<p id=\"A_89\u00a0\u00a0\u00a0\u00a0\u00a0\u00a0\u00a0\u00a0\u00a0\u00a0\u00a0\u00a0\u00a0\u00a0\u00a0_Direction_Clermont_Ferrand\"><strong>Section 1. <\/strong><span lang=\"FR\"><strong>A 89<\/strong> : Direction Clermont Ferrand<\/span><\/p>\n<p><span lang=\"FR\"><strong>Sortie 22:<\/strong> Egletons<br \/>\n<\/span><\/p>\n<\/div><\/div><\/div><\/section>\n<section class='av_toggle_section av-av_toggle-16b9873b0be505429f3ffdb96af610f1'  itemscope=\"itemscope\" itemtype=\"https:\/\/schema.org\/CreativeWork\" ><div role=\"tablist\" class=\"single_toggle\" data-tags=\"{Tout} \"  ><p data-fake-id='#toggle-id-3' class='toggler   '  itemprop=\"headline\"  role='tab' tabindex='0' aria-controls='toggle-id-3'>Direction de Clermont Ferrand : <span class=\"toggle_icon\"><span class=\"vert_icon\"><\/span><span class=\"hor_icon\"><\/span><\/span><\/p><div id='toggle-id-3' class='toggle_wrap  '  ><div class='toggle_content invers-color '  itemprop=\"text\" ><p><strong>RN 89 \/ A 89 :<\/strong> Tulle \/ Bordeaux<\/p>\n<p><strong>A 89 : <\/strong>Sortie : Egletons<\/p>\n<\/div><\/div><\/div><\/section>\n<section class='av_toggle_section av-av_toggle-9179bbdc992a18c09bc8b446590ea6c1'  itemscope=\"itemscope\" itemtype=\"https:\/\/schema.org\/CreativeWork\" ><div role=\"tablist\" class=\"single_toggle\" data-tags=\"{Tout} \"  ><p data-fake-id='#toggle-id-4' class='toggler   '  itemprop=\"headline\"  role='tab' tabindex='0' aria-controls='toggle-id-4'>Une fois \u00e0 Egletons   <span class=\"toggle_icon\"><span class=\"vert_icon\"><\/span><span class=\"hor_icon\"><\/span><\/span><\/p><div id='toggle-id-4' class='toggle_wrap  '  ><div class='toggle_content invers-color '  itemprop=\"text\" ><ul>\n<li>Direction Lapleau, Mauriac (D 16)<\/li>\n<li>6 km Apr\u00e8s Egletons vous prenez \u00e0 gauche, direction Messence<\/li>\n<li>Vous prenez la premi\u00e8re route \u00e0 gauche (suivez les panneaux des Renardi\u00e8res)<\/li>\n<li>Vous prenez la premi\u00e8re route \u00e0 droite<\/li>\n<li>Apr\u00e8s 5 minutes vous verrez <strong>Les Renardi\u00e8res<\/strong> sur votre gauche<\/li>\n<\/ul>\n<\/div><\/div><\/div><\/section>\n<\/div><br \/>\n<section  class='av_textblock_section av-jt4ho3z7-dbc7d59a5855b93b7bb0dbf27ba543c1 '   itemscope=\"itemscope\" itemtype=\"https:\/\/schema.org\/CreativeWork\" ><div class='avia_textblock'  itemprop=\"text\" ><p><strong>Paris<\/strong> \u2013 Les Renardi\u00e8res sont \u00e0 environ 5 heures.<\/p>\n<p><strong>Limoges<\/strong> \u2013 Les Renardi\u00e8res sont \u00e0 environ environ 1 heure.<\/p>\n<p><strong>Brive<\/strong> \u2013 Les Renardi\u00e8res sont \u00e0 environ environ\u00a0 45 minutes<\/p>\n<p><strong>Clermont Ferrand<\/strong> \u2013 Les Renardi\u00e8res sont \u00e0 environ environ 1 heures et demie (aeroport de Clermont \u2013 Aulnat)<\/p>\n<p><strong>Bergerac<\/strong> \u2013 Les Renardi\u00e8res est environ 2 heures et demie (aeroport de Bergerac)<\/p>\n<p style=\"text-align: right;\"><strong>Bonne route\u00a0!!<\/strong><\/p>\n<\/div><\/section><br \/>\n<div  class='avia-button-wrap av-jt4ht72m-4dc06eb90fabe35be186f3a70e196671-wrap avia-button-center  avia-builder-el-10  el_after_av_textblock  avia-builder-el-last '><a href='#next-section'  class='avia-button av-jt4ht72m-4dc06eb90fabe35be186f3a70e196671 avia-icon_select-yes-left-icon avia-size-large avia-position-center avia-color-theme-color'  ><span class='avia_button_icon avia_button_icon_left' aria-hidden='true' data-av_icon='\ue842' data-av_iconfont='entypo-fontello'><\/span><span class='avia_iconbox_title' >Voir la carte<\/span><\/a><\/div><\/p><\/div><div  class='av_gmaps_sc_main_wrap av_gmaps_main_wrap '><div id='av_gmap_0' class='avia-google-map-container avia-google-map-sc av_gmaps_show_unconditionally av-no-fallback-img ' data-mapid='av_gmap_0'  style='height: 800px;'><a class=\"av_gmaps_browser_disabled av_text_confirm_link av_text_confirm_link_visible\" href=\"https:\/\/www.google.com\/maps\/search\/?api=1&#038;query=45.3657245,2.1234327\" target=\"_blank\" rel=\"noopener\">Les cartes ont \u00e9t\u00e9 d\u00e9sactiv\u00e9es par le visiteur sur ce site. Cliquer pour ouvrir la carte dans une nouvelle fen\u00eatre.<\/a><\/div><\/div><\/p>\n","protected":false},"excerpt":{"rendered":"","protected":false},"author":1,"featured_media":0,"parent":0,"menu_order":0,"comment_status":"closed","ping_status":"closed","template":"","meta":{"footnotes":""},"_links":{"self":[{"href":"https:\/\/www.renardieres.fr\/fr\/wp-json\/wp\/v2\/pages\/45"}],"collection":[{"href":"https:\/\/www.renardieres.fr\/fr\/wp-json\/wp\/v2\/pages"}],"about":[{"href":"https:\/\/www.renardieres.fr\/fr\/wp-json\/wp\/v2\/types\/page"}],"author":[{"embeddable":true,"href":"https:\/\/www.renardieres.fr\/fr\/wp-json\/wp\/v2\/users\/1"}],"replies":[{"embeddable":true,"href":"https:\/\/www.renardieres.fr\/fr\/wp-json\/wp\/v2\/comments?post=45"}],"version-history":[{"count":14,"href":"https:\/\/www.renardieres.fr\/fr\/wp-json\/wp\/v2\/pages\/45\/revisions"}],"predecessor-version":[{"id":4343,"href":"https:\/\/www.renardieres.fr\/fr\/wp-json\/wp\/v2\/pages\/45\/revisions\/4343"}],"wp:attachment":[{"href":"https:\/\/www.renardieres.fr\/fr\/wp-json\/wp\/v2\/media?parent=45"}],"curies":[{"name":"wp","href":"https:\/\/api.w.org\/{rel}","templated":true}]}}