{"id":73,"date":"2019-03-11T11:25:58","date_gmt":"2019-03-11T10:25:58","guid":{"rendered":"https:\/\/www.renardieres.fr\/?page_id=73"},"modified":"2025-12-04T23:15:13","modified_gmt":"2025-12-04T22:15:13","slug":"qui-sommes-nous","status":"publish","type":"page","link":"https:\/\/www.renardieres.fr\/fr\/qui-sommes-nous\/","title":{"rendered":"Qui sommes nous"},"content":{"rendered":"\n<style type=\"text\/css\" data-created_by=\"avia_inline_auto\" id=\"style-css-av-jt47cbb2-5ac1f6cf04a7b46d9a8654f2630b6acb\">\n.avia-section.av-jt47cbb2-5ac1f6cf04a7b46d9a8654f2630b6acb{\nbackground-repeat:no-repeat;\nbackground-image:url(https:\/\/www.renardieres.fr\/wp-content\/uploads\/2019\/03\/renardieres-alentours-21.jpg);\nbackground-position:0% 100%;\nbackground-attachment:scroll;\n}\n<\/style>\n<div id='av_section_1'  class='avia-section av-jt47cbb2-5ac1f6cf04a7b46d9a8654f2630b6acb main_color avia-section-default avia-no-border-styling  avia-builder-el-0  avia-builder-el-no-sibling  avia-full-stretch avia-bg-style-scroll av-minimum-height av-minimum-height-100 av-height-100  container_wrap sidebar_right'  data-section-bg-repeat='stretch' data-av_minimum_height_pc='100' data-av_min_height_opt='100'><div class='container av-section-cont-open' ><main  role=\"main\" itemprop=\"mainContentOfPage\"  class='template-page content  av-content-small alpha units'><div class='post-entry post-entry-type-page post-entry-73'><div class='entry-content-wrapper clearfix'>\n\n<style type=\"text\/css\" data-created_by=\"avia_inline_auto\" id=\"style-css-av-jt47bdaq-856880a8ca2162d962fcaedb68078379\">\n.flex_column.av-jt47bdaq-856880a8ca2162d962fcaedb68078379{\nborder-radius:10px 10px 10px 10px;\npadding:20px 20px 20px 20px;\nbackground-color:rgba(255,255,255,0.85);\n}\n<\/style>\n<div  class='flex_column av-jt47bdaq-856880a8ca2162d962fcaedb68078379 av_one_third  avia-builder-el-1  el_before_av_two_third  avia-builder-el-first  first flex_column_div  '     ><style type=\"text\/css\" data-created_by=\"avia_inline_auto\" id=\"style-css-av-jt47yn3x-f09cbeda12a1bb74d5414c45876979bf\">\n.avia-image-container.av-jt47yn3x-f09cbeda12a1bb74d5414c45876979bf img.avia_image{\nbox-shadow:none;\n}\n.avia-image-container.av-jt47yn3x-f09cbeda12a1bb74d5414c45876979bf .av-image-caption-overlay-center{\ncolor:#ffffff;\n}\n<\/style>\n<div  class='avia-image-container av-jt47yn3x-f09cbeda12a1bb74d5414c45876979bf av-styling- avia-align-center  avia-builder-el-2  avia-builder-el-no-sibling '   itemprop=\"image\" itemscope=\"itemscope\" itemtype=\"https:\/\/schema.org\/ImageObject\" ><div class=\"avia-image-container-inner\"><div class=\"avia-image-overlay-wrap\"><img fetchpriority=\"high\" class='wp-image-819 avia-img-lazy-loading-not-819 avia_image ' src='https:\/\/www.renardieres.fr\/wp-content\/uploads\/2019\/03\/P1140778-1030x773.jpg' alt='' title='P1140778'  height=\"773\" width=\"1030\"  itemprop=\"thumbnailUrl\"  \/><\/div><\/div><\/div><\/div>\n<style type=\"text\/css\" data-created_by=\"avia_inline_auto\" id=\"style-css-av-jt47bdaq-08fd3dc5d23946cd8a5bc229c3e876a9\">\n.flex_column.av-jt47bdaq-08fd3dc5d23946cd8a5bc229c3e876a9{\nborder-radius:10px 10px 10px 10px;\npadding:20px 20px 20px 20px;\nbackground-color:rgba(255,255,255,0.85);\n}\n<\/style>\n<div  class='flex_column av-jt47bdaq-08fd3dc5d23946cd8a5bc229c3e876a9 av_two_third  avia-builder-el-3  el_after_av_one_third  avia-builder-el-last  flex_column_div  '     ><p>\n<style type=\"text\/css\" data-created_by=\"avia_inline_auto\" id=\"style-css-av-3yf1-17e0091a35ac3fd62bf14c73657ca0e4\">\n#top .av-special-heading.av-3yf1-17e0091a35ac3fd62bf14c73657ca0e4{\npadding-bottom:10px;\n}\nbody .av-special-heading.av-3yf1-17e0091a35ac3fd62bf14c73657ca0e4 .av-special-heading-tag .heading-char{\nfont-size:25px;\n}\n.av-special-heading.av-3yf1-17e0091a35ac3fd62bf14c73657ca0e4 .av-subheading{\nfont-size:15px;\n}\n<\/style>\n<div  class='av-special-heading av-3yf1-17e0091a35ac3fd62bf14c73657ca0e4 av-special-heading-h1  avia-builder-el-4  el_before_av_textblock  avia-builder-el-first '><h1 class='av-special-heading-tag'  itemprop=\"headline\"  >Qui sommes nous ?<\/h1><div class=\"special-heading-border\"><div class=\"special-heading-inner-border\"><\/div><\/div><\/div><br \/>\n<section  class='av_textblock_section av-jt47asiz-f6c57e7d397f404af71c943aedf03655 '   itemscope=\"itemscope\" itemtype=\"https:\/\/schema.org\/CreativeWork\" ><div class='avia_textblock'  itemprop=\"text\" ><p><strong>Jacqueline Flapper<\/strong>, d\u2019origine Hollandaise, responsable marketing chez Unilever, d\u00e9cide un jour de changer de cap et vient s\u2019installer en <strong>Corr\u00e8ze<\/strong>, aux <strong>Renardi\u00e8res<\/strong>. L\u2019exp\u00e9rience de ses 27 ann\u00e9es de vie sur le domaine lui a permis de comprendre et de vivre en harmonie avec <strong>la Nature<\/strong> qui l\u2019environne. Elle se passionne d\u00e9sormais pour la for\u00eat, les plantes,\u00a0 l\u2019amour des animaux, \u00e9couter et parler aux gens et de jouer avec les enfants\u00a0 !<\/p>\n<p><strong>Bernardino Sanchez<\/strong>, d\u2019origine Espagnole a grandit en France. Apr\u00e8s 13 ans de vie en Gr\u00e8ce comme tailleur de pierre, il d\u00e9cide de suivre sa passion et se lance dans le cirque. Jongleur et \u00c9chassier, cr\u00e9ateur de beaux <strong>spectacles<\/strong>; il enseigne le cirque aux enfants et adultes en collectivit\u00e9. Bernardino a r\u00e9alis\u00e9 ses r\u00eaves et motive son entourage \u00e0 en faire autant.<\/p>\n<p>Jacqueline et Bernardino vivent avec leurs 4 gar\u00e7ons Didier(27), A\u00efsha (25), Th\u00e9odore (25) et Mathe\u00efs (22) et avec leur fille Alycia (16) en famille recompos\u00e9e, avec tous les d\u00e9fis, mais surtout toutes les joies d\u2019une grande famille.<b><\/b><\/p>\n<\/div><\/section><\/p><\/div><\/div><\/div><\/main><!-- close content main element --><\/div><\/div><div id='after_section_1'  class='main_color av_default_container_wrap container_wrap sidebar_right'  ><div class='container av-section-cont-open' ><div class='template-page content  av-content-small alpha units'><div class='post-entry post-entry-type-page post-entry-73'><div class='entry-content-wrapper clearfix'>\n","protected":false},"excerpt":{"rendered":"","protected":false},"author":1,"featured_media":0,"parent":0,"menu_order":0,"comment_status":"closed","ping_status":"closed","template":"","meta":{"footnotes":""},"_links":{"self":[{"href":"https:\/\/www.renardieres.fr\/fr\/wp-json\/wp\/v2\/pages\/73"}],"collection":[{"href":"https:\/\/www.renardieres.fr\/fr\/wp-json\/wp\/v2\/pages"}],"about":[{"href":"https:\/\/www.renardieres.fr\/fr\/wp-json\/wp\/v2\/types\/page"}],"author":[{"embeddable":true,"href":"https:\/\/www.renardieres.fr\/fr\/wp-json\/wp\/v2\/users\/1"}],"replies":[{"embeddable":true,"href":"https:\/\/www.renardieres.fr\/fr\/wp-json\/wp\/v2\/comments?post=73"}],"version-history":[{"count":8,"href":"https:\/\/www.renardieres.fr\/fr\/wp-json\/wp\/v2\/pages\/73\/revisions"}],"predecessor-version":[{"id":11884,"href":"https:\/\/www.renardieres.fr\/fr\/wp-json\/wp\/v2\/pages\/73\/revisions\/11884"}],"wp:attachment":[{"href":"https:\/\/www.renardieres.fr\/fr\/wp-json\/wp\/v2\/media?parent=73"}],"curies":[{"name":"wp","href":"https:\/\/api.w.org\/{rel}","templated":true}]}}